{"id":3513,"date":"2025-07-25T13:51:37","date_gmt":"2025-07-25T11:51:37","guid":{"rendered":"https:\/\/solennbijoux.com\/?post_type=product&#038;p=3513"},"modified":"2025-07-27T18:13:30","modified_gmt":"2025-07-27T16:13:30","slug":"bracelet-murphy","status":"publish","type":"product","link":"https:\/\/solennbijoux.com\/es\/producto\/bracelet-murphy\/","title":{"rendered":"pulsera MURPHY"},"content":{"rendered":"","protected":false},"excerpt":{"rendered":"<p>Provoquez la chance avec style gr\u00e2ce au bracelet MURPHY. Bien plus qu&rsquo;un simple bijou, MURPHY est un talisman moderne, une pi\u00e8ce de caract\u00e8re qui allie le symbole universel du tr\u00e8fle \u00e0 quatre feuilles \u00e0 la puissance protectrice de l&rsquo;onyx noir. Graphique, audacieux et r\u00e9solument chic, ce bracelet est une affirmation de soi. Il rythme votre poignet de ses ic\u00f4nes porte-bonheur, dans un contraste saisissant entre le noir profond et l&rsquo;\u00e9clat de l&rsquo;or. Portez-le comme votre grigri personnel, un rappel constant que la fortune sourit aux audacieuses.<\/p>","protected":false},"featured_media":3564,"comment_status":"open","ping_status":"closed","template":"","meta":[],"product_brand":[],"product_cat":[233,161,320],"product_tag":[251,263],"class_list":{"0":"post-3513","1":"product","2":"type-product","3":"status-publish","4":"has-post-thumbnail","6":"product_cat-bracelets","7":"product_cat-femme","8":"product_cat-nouvelle-collection","9":"product_tag-gold-filled","10":"product_tag-onyx","12":"first","13":"instock","14":"shipping-taxable","15":"purchasable","16":"product-type-variable","17":"has-default-attributes"},"_links":{"self":[{"href":"https:\/\/solennbijoux.com\/es\/wp-json\/wp\/v2\/product\/3513","targetHints":{"allow":["GET"]}}],"collection":[{"href":"https:\/\/solennbijoux.com\/es\/wp-json\/wp\/v2\/product"}],"about":[{"href":"https:\/\/solennbijoux.com\/es\/wp-json\/wp\/v2\/types\/product"}],"replies":[{"embeddable":true,"href":"https:\/\/solennbijoux.com\/es\/wp-json\/wp\/v2\/comments?post=3513"}],"wp:featuredmedia":[{"embeddable":true,"href":"https:\/\/solennbijoux.com\/es\/wp-json\/wp\/v2\/media\/3564"}],"wp:attachment":[{"href":"https:\/\/solennbijoux.com\/es\/wp-json\/wp\/v2\/media?parent=3513"}],"wp:term":[{"taxonomy":"product_brand","embeddable":true,"href":"https:\/\/solennbijoux.com\/es\/wp-json\/wp\/v2\/product_brand?post=3513"},{"taxonomy":"product_cat","embeddable":true,"href":"https:\/\/solennbijoux.com\/es\/wp-json\/wp\/v2\/product_cat?post=3513"},{"taxonomy":"product_tag","embeddable":true,"href":"https:\/\/solennbijoux.com\/es\/wp-json\/wp\/v2\/product_tag?post=3513"}],"curies":[{"name":"wp","href":"https:\/\/api.w.org\/{rel}","templated":true}]}}