{"id":3528,"date":"2025-07-25T15:15:20","date_gmt":"2025-07-25T13:15:20","guid":{"rendered":"https:\/\/solennbijoux.com\/?post_type=product&#038;p=3528"},"modified":"2025-09-07T15:10:31","modified_gmt":"2025-09-07T13:10:31","slug":"bracelet-dolce","status":"publish","type":"product","link":"https:\/\/solennbijoux.com\/es\/producto\/bracelet-dolce\/","title":{"rendered":"Pulsera DOLCE"},"content":{"rendered":"","protected":false},"excerpt":{"rendered":"<p>La douceur de l&rsquo;iconique bague DOLCE se prolonge et vient d\u00e9licatement enlacer votre poignet. Retrouvez le design minimaliste et pr\u00e9cieux que vous aimez : un simple c\u0153ur en pierre naturelle, pos\u00e9 comme un tr\u00e9sor sur une rivi\u00e8re scintillante de perles d&rsquo;or. Le bracelet DOLCE est un point de lumi\u00e8re, un murmure de couleur qui sublime le quotidien avec une finesse incomparable. Portez-le seul pour une touche d&rsquo;\u00e9l\u00e9gance discr\u00e8te, ou associez-le \u00e0 sa bague pour cr\u00e9er une parure d&rsquo;une harmonie absolue.<\/p>","protected":false},"featured_media":3548,"comment_status":"open","ping_status":"closed","template":"","meta":[],"product_brand":[],"product_cat":[233,161,320],"product_tag":[87,159,86,195,194,158,263,230],"class_list":{"0":"post-3528","1":"product","2":"type-product","3":"status-publish","4":"has-post-thumbnail","6":"product_cat-bracelets","7":"product_cat-femme","8":"product_cat-nouvelle-collection","9":"product_tag-amazonite","10":"product_tag-amethyste","11":"product_tag-aventurine","12":"product_tag-jaspe-rouge","13":"product_tag-lapis-lazuli","14":"product_tag-oeil-de-tigre","15":"product_tag-onyx","16":"product_tag-rhodonite","18":"first","19":"instock","20":"featured","21":"shipping-taxable","22":"purchasable","23":"product-type-variable","24":"has-default-attributes"},"_links":{"self":[{"href":"https:\/\/solennbijoux.com\/es\/wp-json\/wp\/v2\/product\/3528","targetHints":{"allow":["GET"]}}],"collection":[{"href":"https:\/\/solennbijoux.com\/es\/wp-json\/wp\/v2\/product"}],"about":[{"href":"https:\/\/solennbijoux.com\/es\/wp-json\/wp\/v2\/types\/product"}],"replies":[{"embeddable":true,"href":"https:\/\/solennbijoux.com\/es\/wp-json\/wp\/v2\/comments?post=3528"}],"wp:featuredmedia":[{"embeddable":true,"href":"https:\/\/solennbijoux.com\/es\/wp-json\/wp\/v2\/media\/3548"}],"wp:attachment":[{"href":"https:\/\/solennbijoux.com\/es\/wp-json\/wp\/v2\/media?parent=3528"}],"wp:term":[{"taxonomy":"product_brand","embeddable":true,"href":"https:\/\/solennbijoux.com\/es\/wp-json\/wp\/v2\/product_brand?post=3528"},{"taxonomy":"product_cat","embeddable":true,"href":"https:\/\/solennbijoux.com\/es\/wp-json\/wp\/v2\/product_cat?post=3528"},{"taxonomy":"product_tag","embeddable":true,"href":"https:\/\/solennbijoux.com\/es\/wp-json\/wp\/v2\/product_tag?post=3528"}],"curies":[{"name":"wp","href":"https:\/\/api.w.org\/{rel}","templated":true}]}}