{"id":3612,"date":"2025-07-26T16:30:43","date_gmt":"2025-07-26T14:30:43","guid":{"rendered":"https:\/\/solennbijoux.com\/?post_type=product&#038;p=3612"},"modified":"2026-01-11T19:05:57","modified_gmt":"2026-01-11T18:05:57","slug":"bracelet-naos","status":"publish","type":"product","link":"https:\/\/solennbijoux.com\/es\/producto\/bracelet-naos\/","title":{"rendered":"Pulsera N\u00c1OS"},"content":{"rendered":"","protected":false},"excerpt":{"rendered":"<p>Le bracelet N\u00c1OS est un assemblage de mati\u00e8res naturelles. Il associe la densit\u00e9 de la pierre rectangulaire, la chaleur du bois et l&rsquo;\u00e9clat plus doux des perles rondes. Son design est un jeu de textures et de contrastes qui lui donne un caract\u00e8re authentique, \u00e0 l&rsquo;esprit voyageur. C&rsquo;est une pi\u00e8ce simple et affirm\u00e9e, pour un style qui a une histoire \u00e0 raconter.<\/p>","protected":false},"featured_media":3616,"comment_status":"open","ping_status":"closed","template":"","meta":[],"product_brand":[],"product_cat":[354,253,162,320,351],"product_tag":[334,333,158],"class_list":{"0":"post-3612","1":"product","2":"type-product","3":"status-publish","4":"has-post-thumbnail","6":"product_cat-354","7":"product_cat-bracelets-homme","8":"product_cat-homme","9":"product_cat-nouvelle-collection","10":"product_cat-soldes","11":"product_tag-jaspe-green-spot","12":"product_tag-jaspe-imperial","13":"product_tag-oeil-de-tigre","15":"first","16":"instock","17":"shipping-taxable","18":"purchasable","19":"product-type-variable","20":"has-default-attributes"},"_links":{"self":[{"href":"https:\/\/solennbijoux.com\/es\/wp-json\/wp\/v2\/product\/3612","targetHints":{"allow":["GET"]}}],"collection":[{"href":"https:\/\/solennbijoux.com\/es\/wp-json\/wp\/v2\/product"}],"about":[{"href":"https:\/\/solennbijoux.com\/es\/wp-json\/wp\/v2\/types\/product"}],"replies":[{"embeddable":true,"href":"https:\/\/solennbijoux.com\/es\/wp-json\/wp\/v2\/comments?post=3612"}],"wp:featuredmedia":[{"embeddable":true,"href":"https:\/\/solennbijoux.com\/es\/wp-json\/wp\/v2\/media\/3616"}],"wp:attachment":[{"href":"https:\/\/solennbijoux.com\/es\/wp-json\/wp\/v2\/media?parent=3612"}],"wp:term":[{"taxonomy":"product_brand","embeddable":true,"href":"https:\/\/solennbijoux.com\/es\/wp-json\/wp\/v2\/product_brand?post=3612"},{"taxonomy":"product_cat","embeddable":true,"href":"https:\/\/solennbijoux.com\/es\/wp-json\/wp\/v2\/product_cat?post=3612"},{"taxonomy":"product_tag","embeddable":true,"href":"https:\/\/solennbijoux.com\/es\/wp-json\/wp\/v2\/product_tag?post=3612"}],"curies":[{"name":"wp","href":"https:\/\/api.w.org\/{rel}","templated":true}]}}