{"id":3631,"date":"2025-07-26T17:52:52","date_gmt":"2025-07-26T15:52:52","guid":{"rendered":"https:\/\/solennbijoux.com\/?post_type=product&#038;p=3631"},"modified":"2025-09-02T23:14:33","modified_gmt":"2025-09-02T21:14:33","slug":"bracelet-taiko","status":"publish","type":"product","link":"https:\/\/solennbijoux.com\/es\/producto\/bracelet-taiko\/","title":{"rendered":"Pulsera TA\u00cfKO"},"content":{"rendered":"","protected":false},"excerpt":{"rendered":"<p>Le bracelet TA\u00cfKO est construit sur un rythme pr\u00e9cis. Son motif alterne des pierres rectangulaires et des perles rondes, cr\u00e9ant une percussion visuelle de formes et de textures. C&rsquo;est un bijou au design puissant et ma\u00eetris\u00e9, inspir\u00e9 par la cadence des tambours japonais dont il porte le nom. Une pi\u00e8ce de caract\u00e8re pour un style personnel et affirm\u00e9.<\/p>","protected":false},"featured_media":3635,"comment_status":"open","ping_status":"closed","template":"","meta":[],"product_brand":[],"product_cat":[253,162,320],"product_tag":[87,336],"class_list":{"0":"post-3631","1":"product","2":"type-product","3":"status-publish","4":"has-post-thumbnail","6":"product_cat-bracelets-homme","7":"product_cat-homme","8":"product_cat-nouvelle-collection","9":"product_tag-amazonite","10":"product_tag-jaspe-map","12":"first","13":"instock","14":"shipping-taxable","15":"purchasable","16":"product-type-variable","17":"has-default-attributes"},"_links":{"self":[{"href":"https:\/\/solennbijoux.com\/es\/wp-json\/wp\/v2\/product\/3631","targetHints":{"allow":["GET"]}}],"collection":[{"href":"https:\/\/solennbijoux.com\/es\/wp-json\/wp\/v2\/product"}],"about":[{"href":"https:\/\/solennbijoux.com\/es\/wp-json\/wp\/v2\/types\/product"}],"replies":[{"embeddable":true,"href":"https:\/\/solennbijoux.com\/es\/wp-json\/wp\/v2\/comments?post=3631"}],"wp:featuredmedia":[{"embeddable":true,"href":"https:\/\/solennbijoux.com\/es\/wp-json\/wp\/v2\/media\/3635"}],"wp:attachment":[{"href":"https:\/\/solennbijoux.com\/es\/wp-json\/wp\/v2\/media?parent=3631"}],"wp:term":[{"taxonomy":"product_brand","embeddable":true,"href":"https:\/\/solennbijoux.com\/es\/wp-json\/wp\/v2\/product_brand?post=3631"},{"taxonomy":"product_cat","embeddable":true,"href":"https:\/\/solennbijoux.com\/es\/wp-json\/wp\/v2\/product_cat?post=3631"},{"taxonomy":"product_tag","embeddable":true,"href":"https:\/\/solennbijoux.com\/es\/wp-json\/wp\/v2\/product_tag?post=3631"}],"curies":[{"name":"wp","href":"https:\/\/api.w.org\/{rel}","templated":true}]}}