{"id":3644,"date":"2025-07-26T18:10:51","date_gmt":"2025-07-26T16:10:51","guid":{"rendered":"https:\/\/solennbijoux.com\/?post_type=product&#038;p=3644"},"modified":"2026-01-11T19:05:42","modified_gmt":"2026-01-11T18:05:42","slug":"bracelet-paros","status":"publish","type":"product","link":"https:\/\/solennbijoux.com\/es\/producto\/bracelet-paros\/","title":{"rendered":"Pulsera PAR\u00d2S"},"content":{"rendered":"","protected":false},"excerpt":{"rendered":"<p>La pulsera PAR\u00d2S captura el esp\u00edritu de un verano mediterr\u00e1neo. Su dise\u00f1o es una composici\u00f3n de piedras, una paleta de colores y texturas inspirada en los paisajes de las C\u00edcladas. La alternancia de cubos y cuentas redondas crea un ritmo a la vez rico y relajado. Es una pieza de joyer\u00eda que se puede llevar con sencillez chic, un esencial para los d\u00edas soleados, para un estilo brillante y personal.<\/p>","protected":false},"featured_media":3648,"comment_status":"open","ping_status":"closed","template":"","meta":[],"product_brand":[],"product_cat":[354,253,162,320,351],"product_tag":[339,340],"class_list":{"0":"post-3644","1":"product","2":"type-product","3":"status-publish","4":"has-post-thumbnail","6":"product_cat-354","7":"product_cat-bracelets-homme","8":"product_cat-homme","9":"product_cat-nouvelle-collection","10":"product_cat-soldes","11":"product_tag-jaspe-bleue","12":"product_tag-jaspe-jaune","14":"first","15":"instock","16":"shipping-taxable","17":"purchasable","18":"product-type-variable","19":"has-default-attributes"},"_links":{"self":[{"href":"https:\/\/solennbijoux.com\/es\/wp-json\/wp\/v2\/product\/3644","targetHints":{"allow":["GET"]}}],"collection":[{"href":"https:\/\/solennbijoux.com\/es\/wp-json\/wp\/v2\/product"}],"about":[{"href":"https:\/\/solennbijoux.com\/es\/wp-json\/wp\/v2\/types\/product"}],"replies":[{"embeddable":true,"href":"https:\/\/solennbijoux.com\/es\/wp-json\/wp\/v2\/comments?post=3644"}],"wp:featuredmedia":[{"embeddable":true,"href":"https:\/\/solennbijoux.com\/es\/wp-json\/wp\/v2\/media\/3648"}],"wp:attachment":[{"href":"https:\/\/solennbijoux.com\/es\/wp-json\/wp\/v2\/media?parent=3644"}],"wp:term":[{"taxonomy":"product_brand","embeddable":true,"href":"https:\/\/solennbijoux.com\/es\/wp-json\/wp\/v2\/product_brand?post=3644"},{"taxonomy":"product_cat","embeddable":true,"href":"https:\/\/solennbijoux.com\/es\/wp-json\/wp\/v2\/product_cat?post=3644"},{"taxonomy":"product_tag","embeddable":true,"href":"https:\/\/solennbijoux.com\/es\/wp-json\/wp\/v2\/product_tag?post=3644"}],"curies":[{"name":"wp","href":"https:\/\/api.w.org\/{rel}","templated":true}]}}