{"id":3655,"date":"2025-07-26T19:02:08","date_gmt":"2025-07-26T17:02:08","guid":{"rendered":"https:\/\/solennbijoux.com\/?post_type=product&#038;p=3655"},"modified":"2025-09-02T23:08:25","modified_gmt":"2025-09-02T21:08:25","slug":"bracelet-azal","status":"publish","type":"product","link":"https:\/\/solennbijoux.com\/es\/producto\/bracelet-azal\/","title":{"rendered":"Pulsera AZAL"},"content":{"rendered":"","protected":false},"excerpt":{"rendered":"<p>Le bracelet AZAL est un retour \u00e0 l&rsquo;essentiel. Une simple succession de perles de jaspe mat, o\u00f9 chaque pierre raconte une histoire. Les motifs uniques de ce min\u00e9ral, semblables \u00e0 des paysages abstraits, font de chaque bracelet une pi\u00e8ce unique. C&rsquo;est un bijou de mati\u00e8re, \u00e0 la texture brute et au caract\u00e8re sobre. L&rsquo;essentiel du style masculin, sans artifice.<\/p>","protected":false},"featured_media":3660,"comment_status":"open","ping_status":"closed","template":"","meta":[],"product_brand":[],"product_cat":[253,162,320],"product_tag":[342],"class_list":{"0":"post-3655","1":"product","2":"type-product","3":"status-publish","4":"has-post-thumbnail","6":"product_cat-bracelets-homme","7":"product_cat-homme","8":"product_cat-nouvelle-collection","9":"product_tag-jaspe-mat","11":"first","12":"instock","13":"shipping-taxable","14":"purchasable","15":"product-type-variable","16":"has-default-attributes"},"_links":{"self":[{"href":"https:\/\/solennbijoux.com\/es\/wp-json\/wp\/v2\/product\/3655","targetHints":{"allow":["GET"]}}],"collection":[{"href":"https:\/\/solennbijoux.com\/es\/wp-json\/wp\/v2\/product"}],"about":[{"href":"https:\/\/solennbijoux.com\/es\/wp-json\/wp\/v2\/types\/product"}],"replies":[{"embeddable":true,"href":"https:\/\/solennbijoux.com\/es\/wp-json\/wp\/v2\/comments?post=3655"}],"wp:featuredmedia":[{"embeddable":true,"href":"https:\/\/solennbijoux.com\/es\/wp-json\/wp\/v2\/media\/3660"}],"wp:attachment":[{"href":"https:\/\/solennbijoux.com\/es\/wp-json\/wp\/v2\/media?parent=3655"}],"wp:term":[{"taxonomy":"product_brand","embeddable":true,"href":"https:\/\/solennbijoux.com\/es\/wp-json\/wp\/v2\/product_brand?post=3655"},{"taxonomy":"product_cat","embeddable":true,"href":"https:\/\/solennbijoux.com\/es\/wp-json\/wp\/v2\/product_cat?post=3655"},{"taxonomy":"product_tag","embeddable":true,"href":"https:\/\/solennbijoux.com\/es\/wp-json\/wp\/v2\/product_tag?post=3655"}],"curies":[{"name":"wp","href":"https:\/\/api.w.org\/{rel}","templated":true}]}}