{"id":3672,"date":"2025-07-26T19:35:02","date_gmt":"2025-07-26T17:35:02","guid":{"rendered":"https:\/\/solennbijoux.com\/?post_type=product&#038;p=3672"},"modified":"2026-01-11T19:05:15","modified_gmt":"2026-01-11T18:05:15","slug":"bracelet-yukon","status":"publish","type":"product","link":"https:\/\/solennbijoux.com\/es\/producto\/bracelet-yukon\/","title":{"rendered":"Pulsera YUKON"},"content":{"rendered":"","protected":false},"excerpt":{"rendered":"<p>Le bracelet YUKON est un concentr\u00e9 de force min\u00e9rale. Il s&rsquo;inspire des grands espaces sauvages et de l&rsquo;instinct primaire. Son caract\u00e8re vient de l&rsquo;alliance de trois pierres uniques, dont les reflets changeants captent la lumi\u00e8re et le regard. C&rsquo;est un bijou brut et essentiel, pens\u00e9 pour l&rsquo;homme qui se fie \u00e0 sa vision et \u00e0 sa force int\u00e9rieure. Une pi\u00e8ce ma\u00eetresse, sobre et puissante.<\/p>","protected":false},"featured_media":3675,"comment_status":"open","ping_status":"closed","template":"","meta":[],"product_brand":[],"product_cat":[354,253,162,320,351],"product_tag":[269,264,158],"class_list":{"0":"post-3672","1":"product","2":"type-product","3":"status-publish","4":"has-post-thumbnail","6":"product_cat-354","7":"product_cat-bracelets-homme","8":"product_cat-homme","9":"product_cat-nouvelle-collection","10":"product_cat-soldes","11":"product_tag-oeil-de-faucon","12":"product_tag-oeil-de-taureau","13":"product_tag-oeil-de-tigre","15":"first","16":"instock","17":"shipping-taxable","18":"purchasable","19":"product-type-variable","20":"has-default-attributes"},"_links":{"self":[{"href":"https:\/\/solennbijoux.com\/es\/wp-json\/wp\/v2\/product\/3672","targetHints":{"allow":["GET"]}}],"collection":[{"href":"https:\/\/solennbijoux.com\/es\/wp-json\/wp\/v2\/product"}],"about":[{"href":"https:\/\/solennbijoux.com\/es\/wp-json\/wp\/v2\/types\/product"}],"replies":[{"embeddable":true,"href":"https:\/\/solennbijoux.com\/es\/wp-json\/wp\/v2\/comments?post=3672"}],"wp:featuredmedia":[{"embeddable":true,"href":"https:\/\/solennbijoux.com\/es\/wp-json\/wp\/v2\/media\/3675"}],"wp:attachment":[{"href":"https:\/\/solennbijoux.com\/es\/wp-json\/wp\/v2\/media?parent=3672"}],"wp:term":[{"taxonomy":"product_brand","embeddable":true,"href":"https:\/\/solennbijoux.com\/es\/wp-json\/wp\/v2\/product_brand?post=3672"},{"taxonomy":"product_cat","embeddable":true,"href":"https:\/\/solennbijoux.com\/es\/wp-json\/wp\/v2\/product_cat?post=3672"},{"taxonomy":"product_tag","embeddable":true,"href":"https:\/\/solennbijoux.com\/es\/wp-json\/wp\/v2\/product_tag?post=3672"}],"curies":[{"name":"wp","href":"https:\/\/api.w.org\/{rel}","templated":true}]}}