{"id":3680,"date":"2025-07-26T21:04:32","date_gmt":"2025-07-26T19:04:32","guid":{"rendered":"https:\/\/solennbijoux.com\/?post_type=product&#038;p=3680"},"modified":"2025-09-02T23:11:27","modified_gmt":"2025-09-02T21:11:27","slug":"bracelet-jack","status":"publish","type":"product","link":"https:\/\/solennbijoux.com\/es\/producto\/bracelet-jack\/","title":{"rendered":"Pulsera JACK"},"content":{"rendered":"","protected":false},"excerpt":{"rendered":"<p>Le bracelet JACK mise sur une pierre de l\u00e9gende : le Jade de Birmanie. Son design est d&rsquo;une simplicit\u00e9 absolue, pour laisser toute la place \u00e0 la beaut\u00e9 et \u00e0 la profondeur de ce min\u00e9ral unique. La couleur douce et la texture pure du jade en font un bijou apaisant, un symbole de s\u00e9r\u00e9nit\u00e9 et de force tranquille. C&rsquo;est une pi\u00e8ce essentielle, pens\u00e9e pour un homme qui reconna\u00eet la valeur de l&rsquo;authenticit\u00e9 et du style intemporel.<\/p>","protected":false},"featured_media":3686,"comment_status":"open","ping_status":"closed","template":"","meta":[],"product_brand":[],"product_cat":[253,162,320],"product_tag":[345],"class_list":{"0":"post-3680","1":"product","2":"type-product","3":"status-publish","4":"has-post-thumbnail","6":"product_cat-bracelets-homme","7":"product_cat-homme","8":"product_cat-nouvelle-collection","9":"product_tag-jade-de-birmanie","11":"first","12":"instock","13":"shipping-taxable","14":"purchasable","15":"product-type-variable","16":"has-default-attributes"},"_links":{"self":[{"href":"https:\/\/solennbijoux.com\/es\/wp-json\/wp\/v2\/product\/3680","targetHints":{"allow":["GET"]}}],"collection":[{"href":"https:\/\/solennbijoux.com\/es\/wp-json\/wp\/v2\/product"}],"about":[{"href":"https:\/\/solennbijoux.com\/es\/wp-json\/wp\/v2\/types\/product"}],"replies":[{"embeddable":true,"href":"https:\/\/solennbijoux.com\/es\/wp-json\/wp\/v2\/comments?post=3680"}],"wp:featuredmedia":[{"embeddable":true,"href":"https:\/\/solennbijoux.com\/es\/wp-json\/wp\/v2\/media\/3686"}],"wp:attachment":[{"href":"https:\/\/solennbijoux.com\/es\/wp-json\/wp\/v2\/media?parent=3680"}],"wp:term":[{"taxonomy":"product_brand","embeddable":true,"href":"https:\/\/solennbijoux.com\/es\/wp-json\/wp\/v2\/product_brand?post=3680"},{"taxonomy":"product_cat","embeddable":true,"href":"https:\/\/solennbijoux.com\/es\/wp-json\/wp\/v2\/product_cat?post=3680"},{"taxonomy":"product_tag","embeddable":true,"href":"https:\/\/solennbijoux.com\/es\/wp-json\/wp\/v2\/product_tag?post=3680"}],"curies":[{"name":"wp","href":"https:\/\/api.w.org\/{rel}","templated":true}]}}