{"id":3694,"date":"2025-07-26T21:46:08","date_gmt":"2025-07-26T19:46:08","guid":{"rendered":"https:\/\/solennbijoux.com\/?post_type=product&#038;p=3694"},"modified":"2026-01-11T19:04:36","modified_gmt":"2026-01-11T18:04:36","slug":"collier-gemma","status":"publish","type":"product","link":"https:\/\/solennbijoux.com\/es\/producto\/collier-gemma\/","title":{"rendered":"Collar GEMMA"},"content":{"rendered":"","protected":false},"excerpt":{"rendered":"<p>Le collier GEMMA est un classique intemporel, r\u00e9invent\u00e9 avec d\u00e9licatesse. C&rsquo;est un filet de lumi\u00e8re qui se pose sur la peau, une succession d&rsquo;\u00e9clats scintillants tout autour du cou. Son design \u00e9pur\u00e9 met en valeur la brillance de chaque pierre, cr\u00e9ant un bijou \u00e0 la fois discret et incroyablement lumineux. Le collier GEMMA ne se contente pas d&rsquo;habiller, il illumine. Une pi\u00e8ce pr\u00e9cieuse et essentielle, \u00e0 porter seule ou en accumulation.<\/p>","protected":false},"featured_media":3698,"comment_status":"open","ping_status":"closed","template":"","meta":[],"product_brand":[],"product_cat":[354,226,161,320,351],"product_tag":[251,163],"class_list":{"0":"post-3694","1":"product","2":"type-product","3":"status-publish","4":"has-post-thumbnail","6":"product_cat-354","7":"product_cat-colliers","8":"product_cat-femme","9":"product_cat-nouvelle-collection","10":"product_cat-soldes","11":"product_tag-gold-filled","12":"product_tag-oxyde-de-zirconium","14":"first","15":"instock","16":"shipping-taxable","17":"purchasable","18":"product-type-variable","19":"has-default-attributes"},"_links":{"self":[{"href":"https:\/\/solennbijoux.com\/es\/wp-json\/wp\/v2\/product\/3694","targetHints":{"allow":["GET"]}}],"collection":[{"href":"https:\/\/solennbijoux.com\/es\/wp-json\/wp\/v2\/product"}],"about":[{"href":"https:\/\/solennbijoux.com\/es\/wp-json\/wp\/v2\/types\/product"}],"replies":[{"embeddable":true,"href":"https:\/\/solennbijoux.com\/es\/wp-json\/wp\/v2\/comments?post=3694"}],"wp:featuredmedia":[{"embeddable":true,"href":"https:\/\/solennbijoux.com\/es\/wp-json\/wp\/v2\/media\/3698"}],"wp:attachment":[{"href":"https:\/\/solennbijoux.com\/es\/wp-json\/wp\/v2\/media?parent=3694"}],"wp:term":[{"taxonomy":"product_brand","embeddable":true,"href":"https:\/\/solennbijoux.com\/es\/wp-json\/wp\/v2\/product_brand?post=3694"},{"taxonomy":"product_cat","embeddable":true,"href":"https:\/\/solennbijoux.com\/es\/wp-json\/wp\/v2\/product_cat?post=3694"},{"taxonomy":"product_tag","embeddable":true,"href":"https:\/\/solennbijoux.com\/es\/wp-json\/wp\/v2\/product_tag?post=3694"}],"curies":[{"name":"wp","href":"https:\/\/api.w.org\/{rel}","templated":true}]}}