{"id":492,"date":"2025-03-19T18:02:42","date_gmt":"2025-03-19T18:02:42","guid":{"rendered":"https:\/\/solennbijoux.com\/?post_type=product&#038;p=492"},"modified":"2026-01-11T19:19:17","modified_gmt":"2026-01-11T18:19:17","slug":"boucles-doreilles-lou","status":"publish","type":"product","link":"https:\/\/solennbijoux.com\/es\/producto\/boucles-doreilles-lou\/","title":{"rendered":"Pendientes LOU"},"content":{"rendered":"","protected":false},"excerpt":{"rendered":"<p>D\u00e9couvrez l&rsquo;\u00e9clat intemporel des boucles d&rsquo;oreilles LOU, des cr\u00e9ations artisanales fran\u00e7aises qui allient la finesse du gold filled 14k \u00e0 l&rsquo;\u00e9clat captivant de l&rsquo;oxyde de zirconium. Chaque paire est m\u00e9ticuleusement fa\u00e7onn\u00e9e \u00e0 la main, offrant un bijou unique qui sublime votre style. Disponibles en trois nuances d&rsquo;oxyde de zirconium, ces boucles d&rsquo;oreilles s&rsquo;adaptent \u00e0 toutes les occasions, ajoutant une touche de sophistication et de lumi\u00e8re \u00e0 votre allure.<\/p>","protected":false},"featured_media":496,"comment_status":"open","ping_status":"closed","template":"","meta":[],"product_brand":[],"product_cat":[353,84,161,351],"product_tag":[251,163],"class_list":{"0":"post-492","1":"product","2":"type-product","3":"status-publish","4":"has-post-thumbnail","6":"product_cat-353","7":"product_cat-boucles-doreilles","8":"product_cat-femme","9":"product_cat-soldes","10":"product_tag-gold-filled","11":"product_tag-oxyde-de-zirconium","13":"first","14":"instock","15":"shipping-taxable","16":"purchasable","17":"product-type-variable"},"_links":{"self":[{"href":"https:\/\/solennbijoux.com\/es\/wp-json\/wp\/v2\/product\/492","targetHints":{"allow":["GET"]}}],"collection":[{"href":"https:\/\/solennbijoux.com\/es\/wp-json\/wp\/v2\/product"}],"about":[{"href":"https:\/\/solennbijoux.com\/es\/wp-json\/wp\/v2\/types\/product"}],"replies":[{"embeddable":true,"href":"https:\/\/solennbijoux.com\/es\/wp-json\/wp\/v2\/comments?post=492"}],"wp:featuredmedia":[{"embeddable":true,"href":"https:\/\/solennbijoux.com\/es\/wp-json\/wp\/v2\/media\/496"}],"wp:attachment":[{"href":"https:\/\/solennbijoux.com\/es\/wp-json\/wp\/v2\/media?parent=492"}],"wp:term":[{"taxonomy":"product_brand","embeddable":true,"href":"https:\/\/solennbijoux.com\/es\/wp-json\/wp\/v2\/product_brand?post=492"},{"taxonomy":"product_cat","embeddable":true,"href":"https:\/\/solennbijoux.com\/es\/wp-json\/wp\/v2\/product_cat?post=492"},{"taxonomy":"product_tag","embeddable":true,"href":"https:\/\/solennbijoux.com\/es\/wp-json\/wp\/v2\/product_tag?post=492"}],"curies":[{"name":"wp","href":"https:\/\/api.w.org\/{rel}","templated":true}]}}