{"id":507,"date":"2025-03-19T18:35:08","date_gmt":"2025-03-19T18:35:08","guid":{"rendered":"https:\/\/solennbijoux.com\/?post_type=product&#038;p=507"},"modified":"2026-01-11T19:19:08","modified_gmt":"2026-01-11T18:19:08","slug":"boucles-doreilles-olsen","status":"publish","type":"product","link":"https:\/\/solennbijoux.com\/es\/producto\/boucles-doreilles-olsen\/","title":{"rendered":"Pendientes OLSEN"},"content":{"rendered":"","protected":false},"excerpt":{"rendered":"<p>D\u00e9jese seducir por la elegancia natural de los pendientes OLSEN, creaciones artesanales francesas que combinan la belleza de las piedras finas con la delicadeza del oro de 14 quilates. Cada par est\u00e1 cuidadosamente elaborado a mano, con piedras naturales \u00fanicas y modernas formas geom\u00e9tricas. Disponibles en cuatro gemas distintas, estos pendientes son perfectos para cualquier ocasi\u00f3n, a\u00f1adiendo un toque de sofisticaci\u00f3n y misterio a su look.<\/p>","protected":false},"featured_media":511,"comment_status":"open","ping_status":"closed","template":"","meta":[],"product_brand":[],"product_cat":[353,84,161,351],"product_tag":[159,86,251,157,158],"class_list":{"0":"post-507","1":"product","2":"type-product","3":"status-publish","4":"has-post-thumbnail","6":"product_cat-353","7":"product_cat-boucles-doreilles","8":"product_cat-femme","9":"product_cat-soldes","10":"product_tag-amethyste","11":"product_tag-aventurine","12":"product_tag-gold-filled","13":"product_tag-labradorite","14":"product_tag-oeil-de-tigre","16":"first","17":"instock","18":"shipping-taxable","19":"purchasable","20":"product-type-variable"},"_links":{"self":[{"href":"https:\/\/solennbijoux.com\/es\/wp-json\/wp\/v2\/product\/507","targetHints":{"allow":["GET"]}}],"collection":[{"href":"https:\/\/solennbijoux.com\/es\/wp-json\/wp\/v2\/product"}],"about":[{"href":"https:\/\/solennbijoux.com\/es\/wp-json\/wp\/v2\/types\/product"}],"replies":[{"embeddable":true,"href":"https:\/\/solennbijoux.com\/es\/wp-json\/wp\/v2\/comments?post=507"}],"wp:featuredmedia":[{"embeddable":true,"href":"https:\/\/solennbijoux.com\/es\/wp-json\/wp\/v2\/media\/511"}],"wp:attachment":[{"href":"https:\/\/solennbijoux.com\/es\/wp-json\/wp\/v2\/media?parent=507"}],"wp:term":[{"taxonomy":"product_brand","embeddable":true,"href":"https:\/\/solennbijoux.com\/es\/wp-json\/wp\/v2\/product_brand?post=507"},{"taxonomy":"product_cat","embeddable":true,"href":"https:\/\/solennbijoux.com\/es\/wp-json\/wp\/v2\/product_cat?post=507"},{"taxonomy":"product_tag","embeddable":true,"href":"https:\/\/solennbijoux.com\/es\/wp-json\/wp\/v2\/product_tag?post=507"}],"curies":[{"name":"wp","href":"https:\/\/api.w.org\/{rel}","templated":true}]}}