{"id":544,"date":"2025-03-20T11:37:13","date_gmt":"2025-03-20T11:37:13","guid":{"rendered":"https:\/\/solennbijoux.com\/?post_type=product&#038;p=544"},"modified":"2026-01-11T19:18:57","modified_gmt":"2026-01-11T18:18:57","slug":"boucles-doreilles-line","status":"publish","type":"product","link":"https:\/\/solennbijoux.com\/es\/producto\/boucles-doreilles-line\/","title":{"rendered":"Pendientes LINE"},"content":{"rendered":"","protected":false},"excerpt":{"rendered":"<p>R\u00e9v\u00e9lez votre \u00e9clat naturel avec les boucles d&rsquo;oreilles LINE, une ode \u00e0 la d\u00e9licatesse et \u00e0 la lumi\u00e8re. Ces cr\u00e9ations artisanales fran\u00e7aises, marient la finesse du gold filled 14k \u00e0 l&rsquo;\u00e9clat captivant de l&rsquo;oxyde de zirconium. Disponibles en trois teintes envo\u00fbtantes, chaque paire est une promesse d&rsquo;\u00e9l\u00e9gance et de raffinement, con\u00e7ue pour sublimer votre style en toute occasion.<\/p>","protected":false},"featured_media":599,"comment_status":"open","ping_status":"closed","template":"","meta":[],"product_brand":[],"product_cat":[353,84,161,351],"product_tag":[251,163],"class_list":{"0":"post-544","1":"product","2":"type-product","3":"status-publish","4":"has-post-thumbnail","6":"product_cat-353","7":"product_cat-boucles-doreilles","8":"product_cat-femme","9":"product_cat-soldes","10":"product_tag-gold-filled","11":"product_tag-oxyde-de-zirconium","13":"first","14":"instock","15":"shipping-taxable","16":"purchasable","17":"product-type-variable"},"_links":{"self":[{"href":"https:\/\/solennbijoux.com\/es\/wp-json\/wp\/v2\/product\/544","targetHints":{"allow":["GET"]}}],"collection":[{"href":"https:\/\/solennbijoux.com\/es\/wp-json\/wp\/v2\/product"}],"about":[{"href":"https:\/\/solennbijoux.com\/es\/wp-json\/wp\/v2\/types\/product"}],"replies":[{"embeddable":true,"href":"https:\/\/solennbijoux.com\/es\/wp-json\/wp\/v2\/comments?post=544"}],"wp:featuredmedia":[{"embeddable":true,"href":"https:\/\/solennbijoux.com\/es\/wp-json\/wp\/v2\/media\/599"}],"wp:attachment":[{"href":"https:\/\/solennbijoux.com\/es\/wp-json\/wp\/v2\/media?parent=544"}],"wp:term":[{"taxonomy":"product_brand","embeddable":true,"href":"https:\/\/solennbijoux.com\/es\/wp-json\/wp\/v2\/product_brand?post=544"},{"taxonomy":"product_cat","embeddable":true,"href":"https:\/\/solennbijoux.com\/es\/wp-json\/wp\/v2\/product_cat?post=544"},{"taxonomy":"product_tag","embeddable":true,"href":"https:\/\/solennbijoux.com\/es\/wp-json\/wp\/v2\/product_tag?post=544"}],"curies":[{"name":"wp","href":"https:\/\/api.w.org\/{rel}","templated":true}]}}