{"id":568,"date":"2025-03-20T14:00:08","date_gmt":"2025-03-20T14:00:08","guid":{"rendered":"https:\/\/solennbijoux.com\/?post_type=product&#038;p=568"},"modified":"2026-01-11T19:18:46","modified_gmt":"2026-01-11T18:18:46","slug":"boucles-doreilles-molly","status":"publish","type":"product","link":"https:\/\/solennbijoux.com\/es\/producto\/boucles-doreilles-molly\/","title":{"rendered":"Pendientes MOLLY"},"content":{"rendered":"","protected":false},"excerpt":{"rendered":"<p>Laissez-vous s\u00e9duire par l&rsquo;\u00e9l\u00e9gance naturelle des boucles d&rsquo;oreilles MOLLY, une cr\u00e9ation artisanale fran\u00e7aise o\u00f9 la douceur de la nacre rencontre l&rsquo;\u00e9clat de l&rsquo;oxyde de zirconium. Ces bijoux, fa\u00e7onn\u00e9s \u00e0 la main avec soin, marient la noblesse du gold filled 14k \u00e0 la beaut\u00e9 des gemmes. Disponibles en deux teintes, chaque paire est une invitation \u00e0 sublimer votre style avec une touche de raffinement intemporel.<\/p>","protected":false},"featured_media":574,"comment_status":"open","ping_status":"closed","template":"","meta":[],"product_brand":[],"product_cat":[354,84,161,351],"product_tag":[251,164,163],"class_list":{"0":"post-568","1":"product","2":"type-product","3":"status-publish","4":"has-post-thumbnail","6":"product_cat-354","7":"product_cat-boucles-doreilles","8":"product_cat-femme","9":"product_cat-soldes","10":"product_tag-gold-filled","11":"product_tag-nacre","12":"product_tag-oxyde-de-zirconium","14":"first","15":"instock","16":"shipping-taxable","17":"purchasable","18":"product-type-variable"},"_links":{"self":[{"href":"https:\/\/solennbijoux.com\/es\/wp-json\/wp\/v2\/product\/568","targetHints":{"allow":["GET"]}}],"collection":[{"href":"https:\/\/solennbijoux.com\/es\/wp-json\/wp\/v2\/product"}],"about":[{"href":"https:\/\/solennbijoux.com\/es\/wp-json\/wp\/v2\/types\/product"}],"replies":[{"embeddable":true,"href":"https:\/\/solennbijoux.com\/es\/wp-json\/wp\/v2\/comments?post=568"}],"wp:featuredmedia":[{"embeddable":true,"href":"https:\/\/solennbijoux.com\/es\/wp-json\/wp\/v2\/media\/574"}],"wp:attachment":[{"href":"https:\/\/solennbijoux.com\/es\/wp-json\/wp\/v2\/media?parent=568"}],"wp:term":[{"taxonomy":"product_brand","embeddable":true,"href":"https:\/\/solennbijoux.com\/es\/wp-json\/wp\/v2\/product_brand?post=568"},{"taxonomy":"product_cat","embeddable":true,"href":"https:\/\/solennbijoux.com\/es\/wp-json\/wp\/v2\/product_cat?post=568"},{"taxonomy":"product_tag","embeddable":true,"href":"https:\/\/solennbijoux.com\/es\/wp-json\/wp\/v2\/product_tag?post=568"}],"curies":[{"name":"wp","href":"https:\/\/api.w.org\/{rel}","templated":true}]}}