{"id":604,"date":"2025-03-20T20:30:21","date_gmt":"2025-03-20T20:30:21","guid":{"rendered":"https:\/\/solennbijoux.com\/?post_type=product&#038;p=604"},"modified":"2026-01-11T19:17:40","modified_gmt":"2026-01-11T18:17:40","slug":"boucles-doreilles-helena","status":"publish","type":"product","link":"https:\/\/solennbijoux.com\/es\/producto\/boucles-doreilles-helena\/","title":{"rendered":"Pendientes HELENA"},"content":{"rendered":"","protected":false},"excerpt":{"rendered":"<p>Sublimez votre style avec les boucles d&rsquo;oreilles HELENA, une cr\u00e9ation artisanale qui c\u00e9l\u00e8bre la l\u00e9g\u00e8ret\u00e9 et la sophistication. Ces boucles d&rsquo;oreilles pendantes, fa\u00e7onn\u00e9s \u00e0 la main avec une attention particuli\u00e8re aux d\u00e9tails, marient l&rsquo;\u00e9clat subtil de l&rsquo;oxyde de zirconium \u00e0 la finesse du gold filled 14k. Chaque paire est une invitation \u00e0 illuminer votre allure d&rsquo;une touche de po\u00e9sie et de raffinement.<\/p>","protected":false},"featured_media":606,"comment_status":"open","ping_status":"closed","template":"","meta":[],"product_brand":[],"product_cat":[354,84,161,351],"product_tag":[251,163],"class_list":{"0":"post-604","1":"product","2":"type-product","3":"status-publish","4":"has-post-thumbnail","6":"product_cat-354","7":"product_cat-boucles-doreilles","8":"product_cat-femme","9":"product_cat-soldes","10":"product_tag-gold-filled","11":"product_tag-oxyde-de-zirconium","13":"first","14":"instock","15":"shipping-taxable","16":"purchasable","17":"product-type-variable","18":"has-default-attributes"},"_links":{"self":[{"href":"https:\/\/solennbijoux.com\/es\/wp-json\/wp\/v2\/product\/604","targetHints":{"allow":["GET"]}}],"collection":[{"href":"https:\/\/solennbijoux.com\/es\/wp-json\/wp\/v2\/product"}],"about":[{"href":"https:\/\/solennbijoux.com\/es\/wp-json\/wp\/v2\/types\/product"}],"replies":[{"embeddable":true,"href":"https:\/\/solennbijoux.com\/es\/wp-json\/wp\/v2\/comments?post=604"}],"wp:featuredmedia":[{"embeddable":true,"href":"https:\/\/solennbijoux.com\/es\/wp-json\/wp\/v2\/media\/606"}],"wp:attachment":[{"href":"https:\/\/solennbijoux.com\/es\/wp-json\/wp\/v2\/media?parent=604"}],"wp:term":[{"taxonomy":"product_brand","embeddable":true,"href":"https:\/\/solennbijoux.com\/es\/wp-json\/wp\/v2\/product_brand?post=604"},{"taxonomy":"product_cat","embeddable":true,"href":"https:\/\/solennbijoux.com\/es\/wp-json\/wp\/v2\/product_cat?post=604"},{"taxonomy":"product_tag","embeddable":true,"href":"https:\/\/solennbijoux.com\/es\/wp-json\/wp\/v2\/product_tag?post=604"}],"curies":[{"name":"wp","href":"https:\/\/api.w.org\/{rel}","templated":true}]}}