{"id":627,"date":"2025-03-21T21:05:59","date_gmt":"2025-03-21T21:05:59","guid":{"rendered":"https:\/\/solennbijoux.com\/?post_type=product&#038;p=627"},"modified":"2025-09-02T22:45:38","modified_gmt":"2025-09-02T20:45:38","slug":"boucles-doreilles-esmee","status":"publish","type":"product","link":"https:\/\/solennbijoux.com\/es\/producto\/boucles-doreilles-esmee\/","title":{"rendered":"Pendientes ESMEE"},"content":{"rendered":"","protected":false},"excerpt":{"rendered":"<p>D\u00e9couvrez les boucles d&rsquo;oreilles ESM\u00c9E, une cr\u00e9ation artisanale fran\u00e7aise qui c\u00e9l\u00e8bre la beaut\u00e9 naturelle de la nacre color\u00e9e et l&rsquo;\u00e9clat subtil du gold filled 14k. Ces cr\u00e9oles pendantes, fa\u00e7onn\u00e9es \u00e0 la main avec une attention particuli\u00e8re aux d\u00e9tails, disponibles en deux tailles (25mm et 45mm), apportent une touche boh\u00e8me chic \u00e0 votre style. Laissez-vous s\u00e9duire par leur design unique et leur charme intemporel.<\/p>","protected":false},"featured_media":632,"comment_status":"open","ping_status":"closed","template":"","meta":[],"product_brand":[],"product_cat":[84,161],"product_tag":[251,164],"class_list":{"0":"post-627","1":"product","2":"type-product","3":"status-publish","4":"has-post-thumbnail","6":"product_cat-boucles-doreilles","7":"product_cat-femme","8":"product_tag-gold-filled","9":"product_tag-nacre","11":"first","12":"instock","13":"shipping-taxable","14":"purchasable","15":"product-type-variable","16":"has-default-attributes"},"_links":{"self":[{"href":"https:\/\/solennbijoux.com\/es\/wp-json\/wp\/v2\/product\/627","targetHints":{"allow":["GET"]}}],"collection":[{"href":"https:\/\/solennbijoux.com\/es\/wp-json\/wp\/v2\/product"}],"about":[{"href":"https:\/\/solennbijoux.com\/es\/wp-json\/wp\/v2\/types\/product"}],"replies":[{"embeddable":true,"href":"https:\/\/solennbijoux.com\/es\/wp-json\/wp\/v2\/comments?post=627"}],"wp:featuredmedia":[{"embeddable":true,"href":"https:\/\/solennbijoux.com\/es\/wp-json\/wp\/v2\/media\/632"}],"wp:attachment":[{"href":"https:\/\/solennbijoux.com\/es\/wp-json\/wp\/v2\/media?parent=627"}],"wp:term":[{"taxonomy":"product_brand","embeddable":true,"href":"https:\/\/solennbijoux.com\/es\/wp-json\/wp\/v2\/product_brand?post=627"},{"taxonomy":"product_cat","embeddable":true,"href":"https:\/\/solennbijoux.com\/es\/wp-json\/wp\/v2\/product_cat?post=627"},{"taxonomy":"product_tag","embeddable":true,"href":"https:\/\/solennbijoux.com\/es\/wp-json\/wp\/v2\/product_tag?post=627"}],"curies":[{"name":"wp","href":"https:\/\/api.w.org\/{rel}","templated":true}]}}