{"id":639,"date":"2025-03-22T20:35:05","date_gmt":"2025-03-22T20:35:05","guid":{"rendered":"https:\/\/solennbijoux.com\/?post_type=product&#038;p=639"},"modified":"2026-01-11T19:17:15","modified_gmt":"2026-01-11T18:17:15","slug":"boucles-doreilles-julia","status":"publish","type":"product","link":"https:\/\/solennbijoux.com\/es\/producto\/boucles-doreilles-julia\/","title":{"rendered":"Pendientes JULIA"},"content":{"rendered":"","protected":false},"excerpt":{"rendered":"<p>Descubra los pendientes JULIA, unos pendientes hechos a mano que celebran la belleza en bruto de las piedras preciosas y el c\u00e1lido brillo del oro de 14 quilates. Estas joyas colgantes, elaboradas con meticulosa atenci\u00f3n al detalle, a\u00f1aden un toque de refinamiento natural a tu estilo. <\/p>\n<p>Verdadera oda a la sencillez y la elegancia, llevan una gema de lentejuelas ovalada de 10*8 mm, disponible en piedra lunar, malaquita, aventurina, jaspe rojo o lapisl\u00e1zuli, engarzada en tres anillos entrelazados de oro de 14 quilates. El pendiente, con su bola de 3 mm en oro de 14 quilates, a\u00f1ade un discreto toque de luz. D\u00e9jese seducir por su dise\u00f1o \u00fanico y su encanto intemporal.<\/p>","protected":false},"featured_media":671,"comment_status":"open","ping_status":"closed","template":"","meta":[],"product_brand":[],"product_cat":[353,84,161,351],"product_tag":[86,251,195,194,196,165],"class_list":{"0":"post-639","1":"product","2":"type-product","3":"status-publish","4":"has-post-thumbnail","6":"product_cat-353","7":"product_cat-boucles-doreilles","8":"product_cat-femme","9":"product_cat-soldes","10":"product_tag-aventurine","11":"product_tag-gold-filled","12":"product_tag-jaspe-rouge","13":"product_tag-lapis-lazuli","14":"product_tag-malachite","15":"product_tag-pierre-de-lune","17":"first","18":"instock","19":"shipping-taxable","20":"purchasable","21":"product-type-variable","22":"has-default-attributes"},"_links":{"self":[{"href":"https:\/\/solennbijoux.com\/es\/wp-json\/wp\/v2\/product\/639","targetHints":{"allow":["GET"]}}],"collection":[{"href":"https:\/\/solennbijoux.com\/es\/wp-json\/wp\/v2\/product"}],"about":[{"href":"https:\/\/solennbijoux.com\/es\/wp-json\/wp\/v2\/types\/product"}],"replies":[{"embeddable":true,"href":"https:\/\/solennbijoux.com\/es\/wp-json\/wp\/v2\/comments?post=639"}],"wp:featuredmedia":[{"embeddable":true,"href":"https:\/\/solennbijoux.com\/es\/wp-json\/wp\/v2\/media\/671"}],"wp:attachment":[{"href":"https:\/\/solennbijoux.com\/es\/wp-json\/wp\/v2\/media?parent=639"}],"wp:term":[{"taxonomy":"product_brand","embeddable":true,"href":"https:\/\/solennbijoux.com\/es\/wp-json\/wp\/v2\/product_brand?post=639"},{"taxonomy":"product_cat","embeddable":true,"href":"https:\/\/solennbijoux.com\/es\/wp-json\/wp\/v2\/product_cat?post=639"},{"taxonomy":"product_tag","embeddable":true,"href":"https:\/\/solennbijoux.com\/es\/wp-json\/wp\/v2\/product_tag?post=639"}],"curies":[{"name":"wp","href":"https:\/\/api.w.org\/{rel}","templated":true}]}}