{"id":685,"date":"2025-03-23T00:11:26","date_gmt":"2025-03-23T00:11:26","guid":{"rendered":"https:\/\/solennbijoux.com\/?post_type=product&#038;p=685"},"modified":"2025-09-02T22:45:00","modified_gmt":"2025-09-02T20:45:00","slug":"boucles-doreilles-dune","status":"publish","type":"product","link":"https:\/\/solennbijoux.com\/es\/producto\/boucles-doreilles-dune\/","title":{"rendered":"Pendientes DUNE"},"content":{"rendered":"","protected":false},"excerpt":{"rendered":"<p>D\u00e9couvrez les boucles d&rsquo;oreilles DUNE, bijoux faits main qui c\u00e9l\u00e8brent la richesse des pierres fines et des cristaux color\u00e9s. Ces cr\u00e9oles pendantes, fa\u00e7onn\u00e9es avec une attention particuli\u00e8re aux d\u00e9tails, apportent une touche boh\u00e8me chic et vibrante \u00e0 votre style. Laissez-vous s\u00e9duire par leur design unique et leur charme envo\u00fbtant.<\/p>","protected":false},"featured_media":687,"comment_status":"open","ping_status":"closed","template":"","meta":[],"product_brand":[],"product_cat":[84,161],"product_tag":[202,197,251,201,198,164,199,200],"class_list":{"0":"post-685","1":"product","2":"type-product","3":"status-publish","4":"has-post-thumbnail","6":"product_cat-boucles-doreilles","7":"product_cat-femme","8":"product_tag-aigue-marine","9":"product_tag-cyanite","10":"product_tag-gold-filled","11":"product_tag-grenat","12":"product_tag-hematite","13":"product_tag-nacre","14":"product_tag-opale","15":"product_tag-turquoise-africaine","17":"first","18":"instock","19":"shipping-taxable","20":"purchasable","21":"product-type-variable","22":"has-default-attributes"},"_links":{"self":[{"href":"https:\/\/solennbijoux.com\/es\/wp-json\/wp\/v2\/product\/685","targetHints":{"allow":["GET"]}}],"collection":[{"href":"https:\/\/solennbijoux.com\/es\/wp-json\/wp\/v2\/product"}],"about":[{"href":"https:\/\/solennbijoux.com\/es\/wp-json\/wp\/v2\/types\/product"}],"replies":[{"embeddable":true,"href":"https:\/\/solennbijoux.com\/es\/wp-json\/wp\/v2\/comments?post=685"}],"wp:featuredmedia":[{"embeddable":true,"href":"https:\/\/solennbijoux.com\/es\/wp-json\/wp\/v2\/media\/687"}],"wp:attachment":[{"href":"https:\/\/solennbijoux.com\/es\/wp-json\/wp\/v2\/media?parent=685"}],"wp:term":[{"taxonomy":"product_brand","embeddable":true,"href":"https:\/\/solennbijoux.com\/es\/wp-json\/wp\/v2\/product_brand?post=685"},{"taxonomy":"product_cat","embeddable":true,"href":"https:\/\/solennbijoux.com\/es\/wp-json\/wp\/v2\/product_cat?post=685"},{"taxonomy":"product_tag","embeddable":true,"href":"https:\/\/solennbijoux.com\/es\/wp-json\/wp\/v2\/product_tag?post=685"}],"curies":[{"name":"wp","href":"https:\/\/api.w.org\/{rel}","templated":true}]}}