{"id":693,"date":"2025-03-23T10:03:04","date_gmt":"2025-03-23T10:03:04","guid":{"rendered":"https:\/\/solennbijoux.com\/?post_type=product&#038;p=693"},"modified":"2025-06-24T20:28:05","modified_gmt":"2025-06-24T18:28:05","slug":"boucles-doreilles-stilla","status":"publish","type":"product","link":"https:\/\/solennbijoux.com\/es\/producto\/boucles-doreilles-stilla\/","title":{"rendered":"Pendientes STILLA"},"content":{"rendered":"","protected":false},"excerpt":{"rendered":"<p>Descubra los pendientes STILLA, joyas hechas a mano que celebran la belleza de las piedras finas y el c\u00e1lido brillo del oro de 14 quilates. Disponibles en aventurina, amazonita o cuarzo rosa, estos pendientes colgantes a\u00f1aden un toque de color y refinamiento natural a su estilo. D\u00e9jese seducir por su dise\u00f1o refinado y su encanto atemporal.<\/p>","protected":false},"featured_media":697,"comment_status":"open","ping_status":"closed","template":"","meta":[],"product_brand":[],"product_cat":[84,161],"product_tag":[87,86,251,204],"class_list":{"0":"post-693","1":"product","2":"type-product","3":"status-publish","4":"has-post-thumbnail","6":"product_cat-boucles-doreilles","7":"product_cat-femme","8":"product_tag-amazonite","9":"product_tag-aventurine","10":"product_tag-gold-filled","11":"product_tag-quartz-rose","13":"first","14":"instock","15":"shipping-taxable","16":"purchasable","17":"product-type-variable","18":"has-default-attributes"},"_links":{"self":[{"href":"https:\/\/solennbijoux.com\/es\/wp-json\/wp\/v2\/product\/693","targetHints":{"allow":["GET"]}}],"collection":[{"href":"https:\/\/solennbijoux.com\/es\/wp-json\/wp\/v2\/product"}],"about":[{"href":"https:\/\/solennbijoux.com\/es\/wp-json\/wp\/v2\/types\/product"}],"replies":[{"embeddable":true,"href":"https:\/\/solennbijoux.com\/es\/wp-json\/wp\/v2\/comments?post=693"}],"wp:featuredmedia":[{"embeddable":true,"href":"https:\/\/solennbijoux.com\/es\/wp-json\/wp\/v2\/media\/697"}],"wp:attachment":[{"href":"https:\/\/solennbijoux.com\/es\/wp-json\/wp\/v2\/media?parent=693"}],"wp:term":[{"taxonomy":"product_brand","embeddable":true,"href":"https:\/\/solennbijoux.com\/es\/wp-json\/wp\/v2\/product_brand?post=693"},{"taxonomy":"product_cat","embeddable":true,"href":"https:\/\/solennbijoux.com\/es\/wp-json\/wp\/v2\/product_cat?post=693"},{"taxonomy":"product_tag","embeddable":true,"href":"https:\/\/solennbijoux.com\/es\/wp-json\/wp\/v2\/product_tag?post=693"}],"curies":[{"name":"wp","href":"https:\/\/api.w.org\/{rel}","templated":true}]}}