{"id":715,"date":"2025-03-23T12:01:25","date_gmt":"2025-03-23T12:01:25","guid":{"rendered":"https:\/\/solennbijoux.com\/?post_type=product&#038;p=715"},"modified":"2026-01-11T19:16:33","modified_gmt":"2026-01-11T18:16:33","slug":"boucles-doreilles-tirana","status":"publish","type":"product","link":"https:\/\/solennbijoux.com\/es\/producto\/boucles-doreilles-tirana\/","title":{"rendered":"Pendientes TIRANA"},"content":{"rendered":"","protected":false},"excerpt":{"rendered":"<p>Descubre los pendientes TIRANA, joyas hechas a mano que celebran el dise\u00f1o geom\u00e9trico y los colores vivos. Disponibles en naranja, blanco o verde, estos pendientes colgantes aportan un toque atrevido y moderno a su estilo. D\u00e9jese seducir por su dise\u00f1o \u00fanico y su encanto contempor\u00e1neo.<\/p>","protected":false},"featured_media":721,"comment_status":"open","ping_status":"closed","template":"","meta":[],"product_brand":[],"product_cat":[353,84,161,351],"product_tag":[251,208],"class_list":{"0":"post-715","1":"product","2":"type-product","3":"status-publish","4":"has-post-thumbnail","6":"product_cat-353","7":"product_cat-boucles-doreilles","8":"product_cat-femme","9":"product_cat-soldes","10":"product_tag-gold-filled","11":"product_tag-pierre-synthetique","13":"first","14":"instock","15":"shipping-taxable","16":"purchasable","17":"product-type-variable","18":"has-default-attributes"},"_links":{"self":[{"href":"https:\/\/solennbijoux.com\/es\/wp-json\/wp\/v2\/product\/715","targetHints":{"allow":["GET"]}}],"collection":[{"href":"https:\/\/solennbijoux.com\/es\/wp-json\/wp\/v2\/product"}],"about":[{"href":"https:\/\/solennbijoux.com\/es\/wp-json\/wp\/v2\/types\/product"}],"replies":[{"embeddable":true,"href":"https:\/\/solennbijoux.com\/es\/wp-json\/wp\/v2\/comments?post=715"}],"wp:featuredmedia":[{"embeddable":true,"href":"https:\/\/solennbijoux.com\/es\/wp-json\/wp\/v2\/media\/721"}],"wp:attachment":[{"href":"https:\/\/solennbijoux.com\/es\/wp-json\/wp\/v2\/media?parent=715"}],"wp:term":[{"taxonomy":"product_brand","embeddable":true,"href":"https:\/\/solennbijoux.com\/es\/wp-json\/wp\/v2\/product_brand?post=715"},{"taxonomy":"product_cat","embeddable":true,"href":"https:\/\/solennbijoux.com\/es\/wp-json\/wp\/v2\/product_cat?post=715"},{"taxonomy":"product_tag","embeddable":true,"href":"https:\/\/solennbijoux.com\/es\/wp-json\/wp\/v2\/product_tag?post=715"}],"curies":[{"name":"wp","href":"https:\/\/api.w.org\/{rel}","templated":true}]}}