{"id":745,"date":"2025-03-23T12:36:02","date_gmt":"2025-03-23T12:36:02","guid":{"rendered":"https:\/\/solennbijoux.com\/?post_type=product&#038;p=745"},"modified":"2026-01-11T19:15:40","modified_gmt":"2026-01-11T18:15:40","slug":"boucles-doreilles-melina","status":"publish","type":"product","link":"https:\/\/solennbijoux.com\/es\/producto\/boucles-doreilles-melina\/","title":{"rendered":"Pendientes MELINA"},"content":{"rendered":"","protected":false},"excerpt":{"rendered":"<p>Descubra los pendientes MELINA, joyas hechas a mano que celebran la belleza natural del n\u00e1car y el delicado brillo de las perlas cultivadas. Estos pendientes colgantes, adornados con motivos florales y perlas preciosas, a\u00f1aden un toque de romanticismo y refinamiento a su estilo. D\u00e9jese seducir por su dise\u00f1o \u00fanico y su encanto atemporal.<\/p>","protected":false},"featured_media":748,"comment_status":"open","ping_status":"closed","template":"","meta":[],"product_brand":[],"product_cat":[354,84,161,351],"product_tag":[251,164,209],"class_list":{"0":"post-745","1":"product","2":"type-product","3":"status-publish","4":"has-post-thumbnail","6":"product_cat-354","7":"product_cat-boucles-doreilles","8":"product_cat-femme","9":"product_cat-soldes","10":"product_tag-gold-filled","11":"product_tag-nacre","12":"product_tag-perles-de-culture","14":"first","15":"instock","16":"featured","17":"shipping-taxable","18":"purchasable","19":"product-type-variable","20":"has-default-attributes"},"_links":{"self":[{"href":"https:\/\/solennbijoux.com\/es\/wp-json\/wp\/v2\/product\/745","targetHints":{"allow":["GET"]}}],"collection":[{"href":"https:\/\/solennbijoux.com\/es\/wp-json\/wp\/v2\/product"}],"about":[{"href":"https:\/\/solennbijoux.com\/es\/wp-json\/wp\/v2\/types\/product"}],"replies":[{"embeddable":true,"href":"https:\/\/solennbijoux.com\/es\/wp-json\/wp\/v2\/comments?post=745"}],"wp:featuredmedia":[{"embeddable":true,"href":"https:\/\/solennbijoux.com\/es\/wp-json\/wp\/v2\/media\/748"}],"wp:attachment":[{"href":"https:\/\/solennbijoux.com\/es\/wp-json\/wp\/v2\/media?parent=745"}],"wp:term":[{"taxonomy":"product_brand","embeddable":true,"href":"https:\/\/solennbijoux.com\/es\/wp-json\/wp\/v2\/product_brand?post=745"},{"taxonomy":"product_cat","embeddable":true,"href":"https:\/\/solennbijoux.com\/es\/wp-json\/wp\/v2\/product_cat?post=745"},{"taxonomy":"product_tag","embeddable":true,"href":"https:\/\/solennbijoux.com\/es\/wp-json\/wp\/v2\/product_tag?post=745"}],"curies":[{"name":"wp","href":"https:\/\/api.w.org\/{rel}","templated":true}]}}