{"id":754,"date":"2025-03-23T12:48:56","date_gmt":"2025-03-23T12:48:56","guid":{"rendered":"https:\/\/solennbijoux.com\/?post_type=product&#038;p=754"},"modified":"2025-09-02T22:46:03","modified_gmt":"2025-09-02T20:46:03","slug":"boucles-doreilles-estrella","status":"publish","type":"product","link":"https:\/\/solennbijoux.com\/es\/producto\/boucles-doreilles-estrella\/","title":{"rendered":"Pendientes ESTRELLA"},"content":{"rendered":"","protected":false},"excerpt":{"rendered":"<p>D\u00e9couvrez les boucles d&rsquo;oreilles ESTRELLA, des bijoux faits main qui c\u00e9l\u00e8brent l&rsquo;inspiration marine et la lumi\u00e8re scintillante de l&rsquo;oxyde de zirconium. Ces boucles d&rsquo;oreilles pendantes, orn\u00e9es d&rsquo;un charm \u00e9toile de mer et d&rsquo;un pendant en zircon, apportent une touche de fra\u00eecheur et d&rsquo;\u00e9l\u00e9gance \u00e0 votre style. Laissez-vous s\u00e9duire par leur design unique et leur charme intemporel.<\/p>","protected":false},"featured_media":756,"comment_status":"open","ping_status":"closed","template":"","meta":[],"product_brand":[],"product_cat":[84,161],"product_tag":[251,163],"class_list":{"0":"post-754","1":"product","2":"type-product","3":"status-publish","4":"has-post-thumbnail","6":"product_cat-boucles-doreilles","7":"product_cat-femme","8":"product_tag-gold-filled","9":"product_tag-oxyde-de-zirconium","11":"first","12":"instock","13":"shipping-taxable","14":"purchasable","15":"product-type-variable","16":"has-default-attributes"},"_links":{"self":[{"href":"https:\/\/solennbijoux.com\/es\/wp-json\/wp\/v2\/product\/754","targetHints":{"allow":["GET"]}}],"collection":[{"href":"https:\/\/solennbijoux.com\/es\/wp-json\/wp\/v2\/product"}],"about":[{"href":"https:\/\/solennbijoux.com\/es\/wp-json\/wp\/v2\/types\/product"}],"replies":[{"embeddable":true,"href":"https:\/\/solennbijoux.com\/es\/wp-json\/wp\/v2\/comments?post=754"}],"wp:featuredmedia":[{"embeddable":true,"href":"https:\/\/solennbijoux.com\/es\/wp-json\/wp\/v2\/media\/756"}],"wp:attachment":[{"href":"https:\/\/solennbijoux.com\/es\/wp-json\/wp\/v2\/media?parent=754"}],"wp:term":[{"taxonomy":"product_brand","embeddable":true,"href":"https:\/\/solennbijoux.com\/es\/wp-json\/wp\/v2\/product_brand?post=754"},{"taxonomy":"product_cat","embeddable":true,"href":"https:\/\/solennbijoux.com\/es\/wp-json\/wp\/v2\/product_cat?post=754"},{"taxonomy":"product_tag","embeddable":true,"href":"https:\/\/solennbijoux.com\/es\/wp-json\/wp\/v2\/product_tag?post=754"}],"curies":[{"name":"wp","href":"https:\/\/api.w.org\/{rel}","templated":true}]}}