{"id":781,"date":"2025-03-23T13:43:10","date_gmt":"2025-03-23T13:43:10","guid":{"rendered":"https:\/\/solennbijoux.com\/?post_type=product&#038;p=781"},"modified":"2025-09-02T22:49:37","modified_gmt":"2025-09-02T20:49:37","slug":"boucles-doreilles-anneaux-nyx","status":"publish","type":"product","link":"https:\/\/solennbijoux.com\/es\/producto\/boucles-doreilles-anneaux-nyx\/","title":{"rendered":"Pendientes NYX (Anillos)"},"content":{"rendered":"","protected":false},"excerpt":{"rendered":"<p>Exprimez votre style unique avec les anneaux interchangeables NYX\u00a0! <strong>Vendus s\u00e9par\u00e9ment des cr\u00e9oles<\/strong>, ces anneaux color\u00e9s vous permettent de personnaliser vos boucles d&rsquo;oreilles au gr\u00e9 de vos envies. Choisissez parmi sept teintes \u00e9clatantes et composez des looks uniques, adapt\u00e9s \u00e0 chaque occasion et \u00e0 chaque humeur.<\/p>","protected":false},"featured_media":789,"comment_status":"open","ping_status":"closed","template":"","meta":[],"product_brand":[],"product_cat":[84,161],"product_tag":[211,197,251,201,198,164,210],"class_list":{"0":"post-781","1":"product","2":"type-product","3":"status-publish","4":"has-post-thumbnail","6":"product_cat-boucles-doreilles","7":"product_cat-femme","8":"product_tag-agate-mousse","9":"product_tag-cyanite","10":"product_tag-gold-filled","11":"product_tag-grenat","12":"product_tag-hematite","13":"product_tag-nacre","14":"product_tag-opale-rose","16":"first","17":"instock","18":"shipping-taxable","19":"purchasable","20":"product-type-variable"},"_links":{"self":[{"href":"https:\/\/solennbijoux.com\/es\/wp-json\/wp\/v2\/product\/781","targetHints":{"allow":["GET"]}}],"collection":[{"href":"https:\/\/solennbijoux.com\/es\/wp-json\/wp\/v2\/product"}],"about":[{"href":"https:\/\/solennbijoux.com\/es\/wp-json\/wp\/v2\/types\/product"}],"replies":[{"embeddable":true,"href":"https:\/\/solennbijoux.com\/es\/wp-json\/wp\/v2\/comments?post=781"}],"wp:featuredmedia":[{"embeddable":true,"href":"https:\/\/solennbijoux.com\/es\/wp-json\/wp\/v2\/media\/789"}],"wp:attachment":[{"href":"https:\/\/solennbijoux.com\/es\/wp-json\/wp\/v2\/media?parent=781"}],"wp:term":[{"taxonomy":"product_brand","embeddable":true,"href":"https:\/\/solennbijoux.com\/es\/wp-json\/wp\/v2\/product_brand?post=781"},{"taxonomy":"product_cat","embeddable":true,"href":"https:\/\/solennbijoux.com\/es\/wp-json\/wp\/v2\/product_cat?post=781"},{"taxonomy":"product_tag","embeddable":true,"href":"https:\/\/solennbijoux.com\/es\/wp-json\/wp\/v2\/product_tag?post=781"}],"curies":[{"name":"wp","href":"https:\/\/api.w.org\/{rel}","templated":true}]}}