{"id":790,"date":"2025-03-23T15:40:51","date_gmt":"2025-03-23T15:40:51","guid":{"rendered":"https:\/\/solennbijoux.com\/?post_type=product&#038;p=790"},"modified":"2026-01-11T19:14:41","modified_gmt":"2026-01-11T18:14:41","slug":"bague-gemini","status":"publish","type":"product","link":"https:\/\/solennbijoux.com\/es\/producto\/bague-gemini\/","title":{"rendered":"Anillo GEMINI"},"content":{"rendered":"","protected":false},"excerpt":{"rendered":"<p>Descubra los anillos GEMINI, joyas artesanales que celebran la belleza de las piedras naturales y el sutil brillo del oro de 14 quilates. Disponibles en seis gemas, estos anillos el\u00e1sticos se adaptan a todos los tama\u00f1os de dedo, ofreciendo un confort \u00f3ptimo y una elegancia atemporal. D\u00e9jese seducir por su dise\u00f1o \u00fanico y su encanto natural.<\/p>","protected":false},"featured_media":3787,"comment_status":"open","ping_status":"closed","template":"","meta":[],"product_brand":[],"product_cat":[354,169,161,351],"product_tag":[87,159,213,212,197,251,157],"class_list":{"0":"post-790","1":"product","2":"type-product","3":"status-publish","4":"has-post-thumbnail","6":"product_cat-354","7":"product_cat-bagues","8":"product_cat-femme","9":"product_cat-soldes","10":"product_tag-amazonite","11":"product_tag-amethyste","12":"product_tag-citrine","13":"product_tag-cristal-de-roche","14":"product_tag-cyanite","15":"product_tag-gold-filled","16":"product_tag-labradorite","18":"first","19":"instock","20":"shipping-taxable","21":"purchasable","22":"product-type-variable","23":"has-default-attributes"},"_links":{"self":[{"href":"https:\/\/solennbijoux.com\/es\/wp-json\/wp\/v2\/product\/790","targetHints":{"allow":["GET"]}}],"collection":[{"href":"https:\/\/solennbijoux.com\/es\/wp-json\/wp\/v2\/product"}],"about":[{"href":"https:\/\/solennbijoux.com\/es\/wp-json\/wp\/v2\/types\/product"}],"replies":[{"embeddable":true,"href":"https:\/\/solennbijoux.com\/es\/wp-json\/wp\/v2\/comments?post=790"}],"wp:featuredmedia":[{"embeddable":true,"href":"https:\/\/solennbijoux.com\/es\/wp-json\/wp\/v2\/media\/3787"}],"wp:attachment":[{"href":"https:\/\/solennbijoux.com\/es\/wp-json\/wp\/v2\/media?parent=790"}],"wp:term":[{"taxonomy":"product_brand","embeddable":true,"href":"https:\/\/solennbijoux.com\/es\/wp-json\/wp\/v2\/product_brand?post=790"},{"taxonomy":"product_cat","embeddable":true,"href":"https:\/\/solennbijoux.com\/es\/wp-json\/wp\/v2\/product_cat?post=790"},{"taxonomy":"product_tag","embeddable":true,"href":"https:\/\/solennbijoux.com\/es\/wp-json\/wp\/v2\/product_tag?post=790"}],"curies":[{"name":"wp","href":"https:\/\/api.w.org\/{rel}","templated":true}]}}