{"id":866,"date":"2025-03-23T17:15:22","date_gmt":"2025-03-23T17:15:22","guid":{"rendered":"https:\/\/solennbijoux.com\/?post_type=product&#038;p=866"},"modified":"2026-01-11T19:14:30","modified_gmt":"2026-01-11T18:14:30","slug":"bague-iris","status":"publish","type":"product","link":"https:\/\/solennbijoux.com\/es\/producto\/bague-iris\/","title":{"rendered":"Anillo IRIS"},"content":{"rendered":"","protected":false},"excerpt":{"rendered":"<p>Descubra el anillo IRIS, una joya artesanal que celebra la belleza de las piedras naturales y el sutil brillo del oro de 14 quilates. Disponible en cinco gemas, este anillo el\u00e1stico se adapta a todos los tama\u00f1os de dedo, ofreciendo un confort \u00f3ptimo y una elegancia atemporal. D\u00e9jese seducir por su dise\u00f1o \u00fanico y su encanto natural.<\/p>","protected":false},"featured_media":3793,"comment_status":"open","ping_status":"closed","template":"","meta":[],"product_brand":[],"product_cat":[354,169,161,351],"product_tag":[197,251,164,217,204,216],"class_list":{"0":"post-866","1":"product","2":"type-product","3":"status-publish","4":"has-post-thumbnail","6":"product_cat-354","7":"product_cat-bagues","8":"product_cat-femme","9":"product_cat-soldes","10":"product_tag-cyanite","11":"product_tag-gold-filled","12":"product_tag-nacre","13":"product_tag-prehnite","14":"product_tag-quartz-rose","15":"product_tag-quartz-rutile","17":"first","18":"instock","19":"shipping-taxable","20":"purchasable","21":"product-type-variable","22":"has-default-attributes"},"_links":{"self":[{"href":"https:\/\/solennbijoux.com\/es\/wp-json\/wp\/v2\/product\/866","targetHints":{"allow":["GET"]}}],"collection":[{"href":"https:\/\/solennbijoux.com\/es\/wp-json\/wp\/v2\/product"}],"about":[{"href":"https:\/\/solennbijoux.com\/es\/wp-json\/wp\/v2\/types\/product"}],"replies":[{"embeddable":true,"href":"https:\/\/solennbijoux.com\/es\/wp-json\/wp\/v2\/comments?post=866"}],"wp:featuredmedia":[{"embeddable":true,"href":"https:\/\/solennbijoux.com\/es\/wp-json\/wp\/v2\/media\/3793"}],"wp:attachment":[{"href":"https:\/\/solennbijoux.com\/es\/wp-json\/wp\/v2\/media?parent=866"}],"wp:term":[{"taxonomy":"product_brand","embeddable":true,"href":"https:\/\/solennbijoux.com\/es\/wp-json\/wp\/v2\/product_brand?post=866"},{"taxonomy":"product_cat","embeddable":true,"href":"https:\/\/solennbijoux.com\/es\/wp-json\/wp\/v2\/product_cat?post=866"},{"taxonomy":"product_tag","embeddable":true,"href":"https:\/\/solennbijoux.com\/es\/wp-json\/wp\/v2\/product_tag?post=866"}],"curies":[{"name":"wp","href":"https:\/\/api.w.org\/{rel}","templated":true}]}}