{"id":893,"date":"2025-03-23T18:14:03","date_gmt":"2025-03-23T18:14:03","guid":{"rendered":"https:\/\/solennbijoux.com\/?post_type=product&#038;p=893"},"modified":"2025-08-13T12:56:25","modified_gmt":"2025-08-13T10:56:25","slug":"bague-swann","status":"publish","type":"product","link":"https:\/\/solennbijoux.com\/es\/producto\/bague-swann\/","title":{"rendered":"Anillo SWANN"},"content":{"rendered":"","protected":false},"excerpt":{"rendered":"<p>D\u00e9couvrez la bague SWANN, un bijou fait main qui c\u00e9l\u00e8bre la brillance exceptionnelle du cristal Swarovski et l&rsquo;\u00e9clat subtil du gold filled 14k. Disponible en six couleurs vibrantes, cette bague \u00e9lastique s&rsquo;adapte \u00e0 toutes les tailles de doigt, offrant un confort optimal et une \u00e9l\u00e9gance intemporelle. Laissez-vous s\u00e9duire par son design unique et son charme pr\u00e9cieux.<\/p>","protected":false},"featured_media":3805,"comment_status":"open","ping_status":"closed","template":"","meta":[],"product_brand":[],"product_cat":[169,161],"product_tag":[218,251],"class_list":{"0":"post-893","1":"product","2":"type-product","3":"status-publish","4":"has-post-thumbnail","6":"product_cat-bagues","7":"product_cat-femme","8":"product_tag-cristal-swarovski","9":"product_tag-gold-filled","11":"first","12":"instock","13":"shipping-taxable","14":"purchasable","15":"product-type-variable","16":"has-default-attributes"},"_links":{"self":[{"href":"https:\/\/solennbijoux.com\/es\/wp-json\/wp\/v2\/product\/893","targetHints":{"allow":["GET"]}}],"collection":[{"href":"https:\/\/solennbijoux.com\/es\/wp-json\/wp\/v2\/product"}],"about":[{"href":"https:\/\/solennbijoux.com\/es\/wp-json\/wp\/v2\/types\/product"}],"replies":[{"embeddable":true,"href":"https:\/\/solennbijoux.com\/es\/wp-json\/wp\/v2\/comments?post=893"}],"wp:featuredmedia":[{"embeddable":true,"href":"https:\/\/solennbijoux.com\/es\/wp-json\/wp\/v2\/media\/3805"}],"wp:attachment":[{"href":"https:\/\/solennbijoux.com\/es\/wp-json\/wp\/v2\/media?parent=893"}],"wp:term":[{"taxonomy":"product_brand","embeddable":true,"href":"https:\/\/solennbijoux.com\/es\/wp-json\/wp\/v2\/product_brand?post=893"},{"taxonomy":"product_cat","embeddable":true,"href":"https:\/\/solennbijoux.com\/es\/wp-json\/wp\/v2\/product_cat?post=893"},{"taxonomy":"product_tag","embeddable":true,"href":"https:\/\/solennbijoux.com\/es\/wp-json\/wp\/v2\/product_tag?post=893"}],"curies":[{"name":"wp","href":"https:\/\/api.w.org\/{rel}","templated":true}]}}