{"id":928,"date":"2025-03-23T21:59:46","date_gmt":"2025-03-23T21:59:46","guid":{"rendered":"https:\/\/solennbijoux.com\/?post_type=product&#038;p=928"},"modified":"2025-08-09T14:02:36","modified_gmt":"2025-08-09T12:02:36","slug":"bague-disco","status":"publish","type":"product","link":"https:\/\/solennbijoux.com\/es\/producto\/bague-disco\/","title":{"rendered":"Anillo DISCO"},"content":{"rendered":"","protected":false},"excerpt":{"rendered":"<p>Descubra el anillo DISCO, una joya artesanal que celebra la belleza de las piedras naturales y el sutil brillo del oro de 14 quilates. Disponible en siete gemas, este anillo el\u00e1stico se adapta a todos los tama\u00f1os de dedo, ofreciendo un confort \u00f3ptimo y una elegancia atemporal. D\u00e9jese seducir por su dise\u00f1o \u00fanico y su encanto natural.<\/p>","protected":false},"featured_media":3774,"comment_status":"open","ping_status":"closed","template":"","meta":[],"product_brand":[],"product_cat":[169,161],"product_tag":[159,220,251,222,196,221,158,219],"class_list":{"0":"post-928","1":"product","2":"type-product","3":"status-publish","4":"has-post-thumbnail","6":"product_cat-bagues","7":"product_cat-femme","8":"product_tag-amethyste","9":"product_tag-apatite-bleue","10":"product_tag-gold-filled","11":"product_tag-hessonite","12":"product_tag-malachite","13":"product_tag-obsidienne","14":"product_tag-oeil-de-tigre","15":"product_tag-peridot","17":"first","18":"instock","19":"shipping-taxable","20":"purchasable","21":"product-type-variable","22":"has-default-attributes"},"_links":{"self":[{"href":"https:\/\/solennbijoux.com\/es\/wp-json\/wp\/v2\/product\/928","targetHints":{"allow":["GET"]}}],"collection":[{"href":"https:\/\/solennbijoux.com\/es\/wp-json\/wp\/v2\/product"}],"about":[{"href":"https:\/\/solennbijoux.com\/es\/wp-json\/wp\/v2\/types\/product"}],"replies":[{"embeddable":true,"href":"https:\/\/solennbijoux.com\/es\/wp-json\/wp\/v2\/comments?post=928"}],"wp:featuredmedia":[{"embeddable":true,"href":"https:\/\/solennbijoux.com\/es\/wp-json\/wp\/v2\/media\/3774"}],"wp:attachment":[{"href":"https:\/\/solennbijoux.com\/es\/wp-json\/wp\/v2\/media?parent=928"}],"wp:term":[{"taxonomy":"product_brand","embeddable":true,"href":"https:\/\/solennbijoux.com\/es\/wp-json\/wp\/v2\/product_brand?post=928"},{"taxonomy":"product_cat","embeddable":true,"href":"https:\/\/solennbijoux.com\/es\/wp-json\/wp\/v2\/product_cat?post=928"},{"taxonomy":"product_tag","embeddable":true,"href":"https:\/\/solennbijoux.com\/es\/wp-json\/wp\/v2\/product_tag?post=928"}],"curies":[{"name":"wp","href":"https:\/\/api.w.org\/{rel}","templated":true}]}}