{"id":970,"date":"2025-03-24T15:05:48","date_gmt":"2025-03-24T15:05:48","guid":{"rendered":"https:\/\/solennbijoux.com\/?post_type=product&#038;p=970"},"modified":"2026-01-11T19:13:41","modified_gmt":"2026-01-11T18:13:41","slug":"bague-moka","status":"publish","type":"product","link":"https:\/\/solennbijoux.com\/es\/producto\/bague-moka\/","title":{"rendered":"Anillo MOKA"},"content":{"rendered":"","protected":false},"excerpt":{"rendered":"<p>D\u00e9couvrez la bague MOKA, un bijou fait main qui c\u00e9l\u00e8bre la beaut\u00e9 des pierres naturelles et l&rsquo;\u00e9clat subtil du gold filled 14k. Disponible en quatre pierres pr\u00e9cieuses, cette bague est r\u00e9alis\u00e9e sur mesure pour s&rsquo;adapter parfaitement \u00e0 votre doigt, offrant un confort optimal et une \u00e9l\u00e9gance intemporelle. Laissez-vous s\u00e9duire par son design unique et son charme naturel.<\/p>","protected":false},"featured_media":3797,"comment_status":"open","ping_status":"closed","template":"","meta":[],"product_brand":[],"product_cat":[354,169,161,351],"product_tag":[86,251,164,224,225],"class_list":{"0":"post-970","1":"product","2":"type-product","3":"status-publish","4":"has-post-thumbnail","6":"product_cat-354","7":"product_cat-bagues","8":"product_cat-femme","9":"product_cat-soldes","10":"product_tag-aventurine","11":"product_tag-gold-filled","12":"product_tag-nacre","13":"product_tag-pierre-de-soleil","14":"product_tag-quartz-fume","16":"first","17":"instock","18":"shipping-taxable","19":"purchasable","20":"product-type-variable","21":"has-default-attributes"},"_links":{"self":[{"href":"https:\/\/solennbijoux.com\/es\/wp-json\/wp\/v2\/product\/970","targetHints":{"allow":["GET"]}}],"collection":[{"href":"https:\/\/solennbijoux.com\/es\/wp-json\/wp\/v2\/product"}],"about":[{"href":"https:\/\/solennbijoux.com\/es\/wp-json\/wp\/v2\/types\/product"}],"replies":[{"embeddable":true,"href":"https:\/\/solennbijoux.com\/es\/wp-json\/wp\/v2\/comments?post=970"}],"wp:featuredmedia":[{"embeddable":true,"href":"https:\/\/solennbijoux.com\/es\/wp-json\/wp\/v2\/media\/3797"}],"wp:attachment":[{"href":"https:\/\/solennbijoux.com\/es\/wp-json\/wp\/v2\/media?parent=970"}],"wp:term":[{"taxonomy":"product_brand","embeddable":true,"href":"https:\/\/solennbijoux.com\/es\/wp-json\/wp\/v2\/product_brand?post=970"},{"taxonomy":"product_cat","embeddable":true,"href":"https:\/\/solennbijoux.com\/es\/wp-json\/wp\/v2\/product_cat?post=970"},{"taxonomy":"product_tag","embeddable":true,"href":"https:\/\/solennbijoux.com\/es\/wp-json\/wp\/v2\/product_tag?post=970"}],"curies":[{"name":"wp","href":"https:\/\/api.w.org\/{rel}","templated":true}]}}