{"id":1297,"date":"2025-03-29T09:56:42","date_gmt":"2025-03-29T09:56:42","guid":{"rendered":"https:\/\/solennbijoux.com\/?post_type=product&#038;p=1297"},"modified":"2026-01-11T19:10:31","modified_gmt":"2026-01-11T18:10:31","slug":"bracelet-venice","status":"publish","type":"product","link":"https:\/\/solennbijoux.com\/ja\/product\/bracelet-venice\/","title":{"rendered":"Bracelet VENICE"},"content":{"rendered":"","protected":false},"excerpt":{"rendered":"<p><strong>Force et caract\u00e8re<\/strong> : Le Bracelet VENICE pour hommes est con\u00e7u pour ceux qui appr\u00e9cient la robustesse autant que la subtilit\u00e9. Ce bijou artisanal est compos\u00e9 de perles de pierres naturelles de 8mm, choisies pour leur couleur intense et leur texture riche. Au centre, une perle d\u2019argent 925 ajoute une touche de distinction qui souligne le caract\u00e8re unique de celui qui le porte. Disponible en quatre variations : Turquoise Africaine, Lapis Lazuli, Labradorite, et Agate Arbre.<\/p>","protected":false},"featured_media":1299,"comment_status":"open","ping_status":"closed","template":"","meta":[],"product_brand":[],"product_cat":[354,253,162,351],"product_tag":[304,254,290,157,194,200],"class_list":{"0":"post-1297","1":"product","2":"type-product","3":"status-publish","4":"has-post-thumbnail","6":"product_cat-354","7":"product_cat-bracelets-homme","8":"product_cat-homme","9":"product_cat-soldes","10":"product_tag-8mm","11":"product_tag-agate-arbre","12":"product_tag-argent-925","13":"product_tag-labradorite","14":"product_tag-lapis-lazuli","15":"product_tag-turquoise-africaine","17":"first","18":"instock","19":"shipping-taxable","20":"purchasable","21":"product-type-variable","22":"has-default-attributes"},"_links":{"self":[{"href":"https:\/\/solennbijoux.com\/ja\/wp-json\/wp\/v2\/product\/1297","targetHints":{"allow":["GET"]}}],"collection":[{"href":"https:\/\/solennbijoux.com\/ja\/wp-json\/wp\/v2\/product"}],"about":[{"href":"https:\/\/solennbijoux.com\/ja\/wp-json\/wp\/v2\/types\/product"}],"replies":[{"embeddable":true,"href":"https:\/\/solennbijoux.com\/ja\/wp-json\/wp\/v2\/comments?post=1297"}],"wp:featuredmedia":[{"embeddable":true,"href":"https:\/\/solennbijoux.com\/ja\/wp-json\/wp\/v2\/media\/1299"}],"wp:attachment":[{"href":"https:\/\/solennbijoux.com\/ja\/wp-json\/wp\/v2\/media?parent=1297"}],"wp:term":[{"taxonomy":"product_brand","embeddable":true,"href":"https:\/\/solennbijoux.com\/ja\/wp-json\/wp\/v2\/product_brand?post=1297"},{"taxonomy":"product_cat","embeddable":true,"href":"https:\/\/solennbijoux.com\/ja\/wp-json\/wp\/v2\/product_cat?post=1297"},{"taxonomy":"product_tag","embeddable":true,"href":"https:\/\/solennbijoux.com\/ja\/wp-json\/wp\/v2\/product_tag?post=1297"}],"curies":[{"name":"wp","href":"https:\/\/api.w.org\/{rel}","templated":true}]}}