{"id":1462,"date":"2025-04-01T20:05:36","date_gmt":"2025-04-01T20:05:36","guid":{"rendered":"https:\/\/solennbijoux.com\/?post_type=product&#038;p=1462"},"modified":"2026-01-11T19:09:25","modified_gmt":"2026-01-11T18:09:25","slug":"bracelet-herman","status":"publish","type":"product","link":"https:\/\/solennbijoux.com\/ja\/product\/bracelet-herman\/","title":{"rendered":"Bracelet HERMAN"},"content":{"rendered":"","protected":false},"excerpt":{"rendered":"<p>Le bracelet HERMAN incarne la robustesse et la beaut\u00e9 naturelle \u00e0 travers un assemblage raffin\u00e9 de Pyrite, Agate Indienne, et H\u00e9matite. Fabriqu\u00e9 \u00e0 la main en France, ce bijou m\u00e9lange harmonieusement les textures et les teintes pour un r\u00e9sultat \u00e0 la fois \u00e9l\u00e9gant et viril. Chaque bracelet est unique, les perles en agate indiennes peuvent \u00eatre de multiples coloris, ainsi la photo est purement indicative. N\u00e9anmoins, chaque perle sera soigneusement choisie pour l\u2019assemblage du bracelet de mani\u00e8re \u00e0 respecter au mieux l\u2019esprit de la photo.<\/p>","protected":false},"featured_media":1468,"comment_status":"open","ping_status":"closed","template":"","meta":[],"product_brand":[],"product_cat":[352,253,162,351],"product_tag":[302,283,198,246],"class_list":{"0":"post-1462","1":"product","2":"type-product","3":"status-publish","4":"has-post-thumbnail","6":"product_cat-352","7":"product_cat-bracelets-homme","8":"product_cat-homme","9":"product_cat-soldes","10":"product_tag-4mm","11":"product_tag-agate-indienne","12":"product_tag-hematite","13":"product_tag-pyrite","15":"first","16":"instock","17":"shipping-taxable","18":"purchasable","19":"product-type-variable"},"_links":{"self":[{"href":"https:\/\/solennbijoux.com\/ja\/wp-json\/wp\/v2\/product\/1462","targetHints":{"allow":["GET"]}}],"collection":[{"href":"https:\/\/solennbijoux.com\/ja\/wp-json\/wp\/v2\/product"}],"about":[{"href":"https:\/\/solennbijoux.com\/ja\/wp-json\/wp\/v2\/types\/product"}],"replies":[{"embeddable":true,"href":"https:\/\/solennbijoux.com\/ja\/wp-json\/wp\/v2\/comments?post=1462"}],"wp:featuredmedia":[{"embeddable":true,"href":"https:\/\/solennbijoux.com\/ja\/wp-json\/wp\/v2\/media\/1468"}],"wp:attachment":[{"href":"https:\/\/solennbijoux.com\/ja\/wp-json\/wp\/v2\/media?parent=1462"}],"wp:term":[{"taxonomy":"product_brand","embeddable":true,"href":"https:\/\/solennbijoux.com\/ja\/wp-json\/wp\/v2\/product_brand?post=1462"},{"taxonomy":"product_cat","embeddable":true,"href":"https:\/\/solennbijoux.com\/ja\/wp-json\/wp\/v2\/product_cat?post=1462"},{"taxonomy":"product_tag","embeddable":true,"href":"https:\/\/solennbijoux.com\/ja\/wp-json\/wp\/v2\/product_tag?post=1462"}],"curies":[{"name":"wp","href":"https:\/\/api.w.org\/{rel}","templated":true}]}}