{"id":1619,"date":"2025-04-15T22:28:52","date_gmt":"2025-04-15T22:28:52","guid":{"rendered":"https:\/\/solennbijoux.com\/?post_type=product&#038;p=1619"},"modified":"2025-05-11T12:22:24","modified_gmt":"2025-05-11T12:22:24","slug":"carte-cadeau","status":"publish","type":"product","link":"https:\/\/solennbijoux.com\/ja\/product\/carte-cadeau\/","title":{"rendered":"\u30ae\u30d5\u30c8\u30ab\u30fc\u30c9"},"content":{"rendered":"","protected":false},"excerpt":{"rendered":"<p>Vous cherchez le cadeau parfait mais h\u00e9sitez sur le bijou id\u00e9al\u00a0? Offrez la libert\u00e9 de choisir avec la carte cadeau Solenn. Disponible en diff\u00e9rentes valeurs \u2013 25\u20ac, 50\u20ac, 75\u20ac, 100\u20ac et 200\u20ac \u2013 elle ouvre les portes de notre univers de cr\u00e9ations uniques en Gold Filled et pierres naturelles. Que ce soit pour un anniversaire, une f\u00eate ou simplement pour faire plaisir, la carte cadeau Solenn est une invitation \u00e0 d\u00e9couvrir ou red\u00e9couvrir nos collections. S\u00e9lectionnez l&rsquo;option qui vous convient\u00a0: la praticit\u00e9 de la version digitale envoy\u00e9e instantan\u00e9ment, ou l&rsquo;\u00e9l\u00e9gance de la carte physique, livr\u00e9e avec une pr\u00e9sentation soign\u00e9e.<\/p>","protected":false},"featured_media":1620,"comment_status":"open","ping_status":"closed","template":"","meta":[],"product_brand":[],"product_cat":[293],"product_tag":[],"class_list":{"0":"post-1619","1":"product","2":"type-product","3":"status-publish","4":"has-post-thumbnail","6":"product_cat-carte-cadeau","8":"first","9":"instock","10":"shipping-taxable","11":"purchasable","12":"product-type-variable","13":"has-default-attributes"},"_links":{"self":[{"href":"https:\/\/solennbijoux.com\/ja\/wp-json\/wp\/v2\/product\/1619","targetHints":{"allow":["GET"]}}],"collection":[{"href":"https:\/\/solennbijoux.com\/ja\/wp-json\/wp\/v2\/product"}],"about":[{"href":"https:\/\/solennbijoux.com\/ja\/wp-json\/wp\/v2\/types\/product"}],"replies":[{"embeddable":true,"href":"https:\/\/solennbijoux.com\/ja\/wp-json\/wp\/v2\/comments?post=1619"}],"wp:featuredmedia":[{"embeddable":true,"href":"https:\/\/solennbijoux.com\/ja\/wp-json\/wp\/v2\/media\/1620"}],"wp:attachment":[{"href":"https:\/\/solennbijoux.com\/ja\/wp-json\/wp\/v2\/media?parent=1619"}],"wp:term":[{"taxonomy":"product_brand","embeddable":true,"href":"https:\/\/solennbijoux.com\/ja\/wp-json\/wp\/v2\/product_brand?post=1619"},{"taxonomy":"product_cat","embeddable":true,"href":"https:\/\/solennbijoux.com\/ja\/wp-json\/wp\/v2\/product_cat?post=1619"},{"taxonomy":"product_tag","embeddable":true,"href":"https:\/\/solennbijoux.com\/ja\/wp-json\/wp\/v2\/product_tag?post=1619"}],"curies":[{"name":"wp","href":"https:\/\/api.w.org\/{rel}","templated":true}]}}