{"id":3521,"date":"2025-07-25T14:27:49","date_gmt":"2025-07-25T12:27:49","guid":{"rendered":"https:\/\/solennbijoux.com\/?post_type=product&#038;p=3521"},"modified":"2026-01-11T19:06:51","modified_gmt":"2026-01-11T18:06:51","slug":"bracelet-alba","status":"publish","type":"product","link":"https:\/\/solennbijoux.com\/ja\/product\/bracelet-alba\/","title":{"rendered":"Bracelet ALBA"},"content":{"rendered":"","protected":false},"excerpt":{"rendered":"<p>Accueillez la douce lumi\u00e8re de l&rsquo;aube avec le bracelet ALBA. Telle une collection de tr\u00e9sors polis par la mer, ce bijou c\u00e9l\u00e8bre la beaut\u00e9 organique et l&rsquo;unicit\u00e9. Chaque perle de nacre, avec sa forme irr\u00e9guli\u00e8re et ses reflets lact\u00e9s, est une pi\u00e8ce singuli\u00e8re qui raconte sa propre histoire. Rythm\u00e9 par l&rsquo;\u00e9clat chaud du gold filled, le bracelet ALBA est une caresse de douceur \u00e0 votre poignet, un rappel de la beaut\u00e9 simple et pure des matin\u00e9es d&rsquo;\u00e9t\u00e9. Un bijou authentique pour une f\u00e9minit\u00e9 naturelle et lumineuse.<\/p>","protected":false},"featured_media":3524,"comment_status":"open","ping_status":"closed","template":"","meta":[],"product_brand":[],"product_cat":[233,161,320],"product_tag":[251,164],"class_list":{"0":"post-3521","1":"product","2":"type-product","3":"status-publish","4":"has-post-thumbnail","6":"product_cat-bracelets","7":"product_cat-femme","8":"product_cat-nouvelle-collection","9":"product_tag-gold-filled","10":"product_tag-nacre","12":"first","13":"instock","14":"shipping-taxable","15":"purchasable","16":"product-type-variable","17":"has-default-attributes"},"_links":{"self":[{"href":"https:\/\/solennbijoux.com\/ja\/wp-json\/wp\/v2\/product\/3521","targetHints":{"allow":["GET"]}}],"collection":[{"href":"https:\/\/solennbijoux.com\/ja\/wp-json\/wp\/v2\/product"}],"about":[{"href":"https:\/\/solennbijoux.com\/ja\/wp-json\/wp\/v2\/types\/product"}],"replies":[{"embeddable":true,"href":"https:\/\/solennbijoux.com\/ja\/wp-json\/wp\/v2\/comments?post=3521"}],"wp:featuredmedia":[{"embeddable":true,"href":"https:\/\/solennbijoux.com\/ja\/wp-json\/wp\/v2\/media\/3524"}],"wp:attachment":[{"href":"https:\/\/solennbijoux.com\/ja\/wp-json\/wp\/v2\/media?parent=3521"}],"wp:term":[{"taxonomy":"product_brand","embeddable":true,"href":"https:\/\/solennbijoux.com\/ja\/wp-json\/wp\/v2\/product_brand?post=3521"},{"taxonomy":"product_cat","embeddable":true,"href":"https:\/\/solennbijoux.com\/ja\/wp-json\/wp\/v2\/product_cat?post=3521"},{"taxonomy":"product_tag","embeddable":true,"href":"https:\/\/solennbijoux.com\/ja\/wp-json\/wp\/v2\/product_tag?post=3521"}],"curies":[{"name":"wp","href":"https:\/\/api.w.org\/{rel}","templated":true}]}}