{"id":639,"date":"2025-03-22T20:35:05","date_gmt":"2025-03-22T20:35:05","guid":{"rendered":"https:\/\/solennbijoux.com\/?post_type=product&#038;p=639"},"modified":"2026-01-11T19:17:15","modified_gmt":"2026-01-11T18:17:15","slug":"boucles-doreilles-julia","status":"publish","type":"product","link":"https:\/\/solennbijoux.com\/ja\/product\/boucles-doreilles-julia\/","title":{"rendered":"Boucles d\u2019oreilles JULIA"},"content":{"rendered":"","protected":false},"excerpt":{"rendered":"<p>D\u00e9couvrez les boucles d&rsquo;oreilles JULIA, des boucles d&rsquo;oreilles faites main qui c\u00e9l\u00e8brent la beaut\u00e9 brute des pierres fines et l&rsquo;\u00e9clat chaleureux du gold filled 14k. Ces bijoux pendantes, fa\u00e7onn\u00e9s avec une attention particuli\u00e8re aux d\u00e9tails, apportent une touche de raffinement naturel \u00e0 votre style. <\/p>\n<p>V\u00e9ritable ode \u00e0 la simplicit\u00e9 et \u00e0 l&rsquo;\u00e9l\u00e9gance, elles se composent d&rsquo;une gemme sequin ovale de 10*8mm, disponible en pierre de lune, malachite, aventurine, jaspe rouge ou lapis lazuli, mise en valeur par un intercalaire trois anneaux entrelac\u00e9s en gold filled 14k. Le clou d&rsquo;oreille avec boule de 3mm en gold filled 14k apporte une touche de lumi\u00e8re discr\u00e8te. Laissez-vous s\u00e9duire par leur design unique et leur charme intemporel.<\/p>","protected":false},"featured_media":671,"comment_status":"open","ping_status":"closed","template":"","meta":[],"product_brand":[],"product_cat":[353,84,161,351],"product_tag":[86,251,195,194,196,165],"class_list":{"0":"post-639","1":"product","2":"type-product","3":"status-publish","4":"has-post-thumbnail","6":"product_cat-353","7":"product_cat-boucles-doreilles","8":"product_cat-femme","9":"product_cat-soldes","10":"product_tag-aventurine","11":"product_tag-gold-filled","12":"product_tag-jaspe-rouge","13":"product_tag-lapis-lazuli","14":"product_tag-malachite","15":"product_tag-pierre-de-lune","17":"first","18":"instock","19":"shipping-taxable","20":"purchasable","21":"product-type-variable","22":"has-default-attributes"},"_links":{"self":[{"href":"https:\/\/solennbijoux.com\/ja\/wp-json\/wp\/v2\/product\/639","targetHints":{"allow":["GET"]}}],"collection":[{"href":"https:\/\/solennbijoux.com\/ja\/wp-json\/wp\/v2\/product"}],"about":[{"href":"https:\/\/solennbijoux.com\/ja\/wp-json\/wp\/v2\/types\/product"}],"replies":[{"embeddable":true,"href":"https:\/\/solennbijoux.com\/ja\/wp-json\/wp\/v2\/comments?post=639"}],"wp:featuredmedia":[{"embeddable":true,"href":"https:\/\/solennbijoux.com\/ja\/wp-json\/wp\/v2\/media\/671"}],"wp:attachment":[{"href":"https:\/\/solennbijoux.com\/ja\/wp-json\/wp\/v2\/media?parent=639"}],"wp:term":[{"taxonomy":"product_brand","embeddable":true,"href":"https:\/\/solennbijoux.com\/ja\/wp-json\/wp\/v2\/product_brand?post=639"},{"taxonomy":"product_cat","embeddable":true,"href":"https:\/\/solennbijoux.com\/ja\/wp-json\/wp\/v2\/product_cat?post=639"},{"taxonomy":"product_tag","embeddable":true,"href":"https:\/\/solennbijoux.com\/ja\/wp-json\/wp\/v2\/product_tag?post=639"}],"curies":[{"name":"wp","href":"https:\/\/api.w.org\/{rel}","templated":true}]}}