{"id":1280,"date":"2025-03-28T22:15:07","date_gmt":"2025-03-28T22:15:07","guid":{"rendered":"https:\/\/solennbijoux.com\/?post_type=product&#038;p=1280"},"modified":"2025-09-02T22:56:47","modified_gmt":"2025-09-02T20:56:47","slug":"bracelet-amour","status":"publish","type":"product","link":"https:\/\/solennbijoux.com\/ko\/product\/bracelet-amour\/","title":{"rendered":"Bracelet AMOUR"},"content":{"rendered":"","protected":false},"excerpt":{"rendered":"<p>Palette d\u2019amour et de couleurs, le Bracelet AMOUR de Solenn est une c\u00e9l\u00e9bration de l\u2019amour et de la diversit\u00e9, refl\u00e9t\u00e9e par une vari\u00e9t\u00e9 de gemmes color\u00e9es et \u00e9clatantes. Ce bijou fait main en France symbolise l\u2019union des \u00e9l\u00e9ments de la nature et du c\u0153ur humain. Chaque perle est choisie pour sa couleur unique et son \u00e9clat, du <strong>Grenat<\/strong> passionn\u00e9 \u00e0 l\u2019<strong>Aigue Marine<\/strong> apaisante, en passant par l\u2019<strong>Opale rose<\/strong> romantique et l\u2019<strong>Agate mousse<\/strong> myst\u00e9rieuse. La perle centrale en forme de coeur de <strong>Nacre blanche<\/strong> est le joyau qui lie ces \u00e9l\u00e9ments avec \u00e9l\u00e9gance, faisant de ce bracelet un cadeau id\u00e9al pour exprimer l\u2019amour et l\u2019admiration.<\/p>","protected":false},"featured_media":1285,"comment_status":"open","ping_status":"closed","template":"","meta":[],"product_brand":[],"product_cat":[233,161],"product_tag":[211,202,197,251,201,198,164,210],"class_list":{"0":"post-1280","1":"product","2":"type-product","3":"status-publish","4":"has-post-thumbnail","6":"product_cat-bracelets","7":"product_cat-femme","8":"product_tag-agate-mousse","9":"product_tag-aigue-marine","10":"product_tag-cyanite","11":"product_tag-gold-filled","12":"product_tag-grenat","13":"product_tag-hematite","14":"product_tag-nacre","15":"product_tag-opale-rose","17":"first","18":"instock","19":"featured","20":"shipping-taxable","21":"purchasable","22":"product-type-variable","23":"has-default-attributes"},"_links":{"self":[{"href":"https:\/\/solennbijoux.com\/ko\/wp-json\/wp\/v2\/product\/1280","targetHints":{"allow":["GET"]}}],"collection":[{"href":"https:\/\/solennbijoux.com\/ko\/wp-json\/wp\/v2\/product"}],"about":[{"href":"https:\/\/solennbijoux.com\/ko\/wp-json\/wp\/v2\/types\/product"}],"replies":[{"embeddable":true,"href":"https:\/\/solennbijoux.com\/ko\/wp-json\/wp\/v2\/comments?post=1280"}],"wp:featuredmedia":[{"embeddable":true,"href":"https:\/\/solennbijoux.com\/ko\/wp-json\/wp\/v2\/media\/1285"}],"wp:attachment":[{"href":"https:\/\/solennbijoux.com\/ko\/wp-json\/wp\/v2\/media?parent=1280"}],"wp:term":[{"taxonomy":"product_brand","embeddable":true,"href":"https:\/\/solennbijoux.com\/ko\/wp-json\/wp\/v2\/product_brand?post=1280"},{"taxonomy":"product_cat","embeddable":true,"href":"https:\/\/solennbijoux.com\/ko\/wp-json\/wp\/v2\/product_cat?post=1280"},{"taxonomy":"product_tag","embeddable":true,"href":"https:\/\/solennbijoux.com\/ko\/wp-json\/wp\/v2\/product_tag?post=1280"}],"curies":[{"name":"wp","href":"https:\/\/api.w.org\/{rel}","templated":true}]}}