{"id":388,"date":"2024-11-13T23:03:00","date_gmt":"2024-11-13T23:03:00","guid":{"rendered":"https:\/\/solennbijoux.com\/?post_type=product&#038;p=388"},"modified":"2025-06-24T20:28:13","modified_gmt":"2025-06-24T18:28:13","slug":"boucles-doreilles-pira","status":"publish","type":"product","link":"https:\/\/solennbijoux.com\/ko\/product\/boucles-doreilles-pira\/","title":{"rendered":"Boucles d&rsquo;oreilles PIRA"},"content":{"rendered":"","protected":false},"excerpt":{"rendered":"<p>Sublimez votre style avec les boucles d\u2019oreilles PIRA, des cr\u00e9ations faites main qui marient \u00e9l\u00e9gance et pierres naturelles. Ces boucles d\u2019oreilles raffin\u00e9es en gold filled 14k et pendentif en forme de poire (30 x 20 mm) sont disponibles en trois versions uniques, chacune mettant en valeur une pierre avec des propri\u00e9t\u00e9s distinctes.<\/p>","protected":false},"featured_media":401,"comment_status":"open","ping_status":"closed","template":"","meta":[],"product_brand":[],"product_cat":[84,161],"product_tag":[87,86,85,251],"class_list":{"0":"post-388","1":"product","2":"type-product","3":"status-publish","4":"has-post-thumbnail","6":"product_cat-boucles-doreilles","7":"product_cat-femme","8":"product_tag-amazonite","9":"product_tag-aventurine","10":"product_tag-cornaline","11":"product_tag-gold-filled","13":"first","14":"instock","15":"shipping-taxable","16":"purchasable","17":"product-type-variable","18":"has-default-attributes"},"_links":{"self":[{"href":"https:\/\/solennbijoux.com\/ko\/wp-json\/wp\/v2\/product\/388","targetHints":{"allow":["GET"]}}],"collection":[{"href":"https:\/\/solennbijoux.com\/ko\/wp-json\/wp\/v2\/product"}],"about":[{"href":"https:\/\/solennbijoux.com\/ko\/wp-json\/wp\/v2\/types\/product"}],"replies":[{"embeddable":true,"href":"https:\/\/solennbijoux.com\/ko\/wp-json\/wp\/v2\/comments?post=388"}],"wp:featuredmedia":[{"embeddable":true,"href":"https:\/\/solennbijoux.com\/ko\/wp-json\/wp\/v2\/media\/401"}],"wp:attachment":[{"href":"https:\/\/solennbijoux.com\/ko\/wp-json\/wp\/v2\/media?parent=388"}],"wp:term":[{"taxonomy":"product_brand","embeddable":true,"href":"https:\/\/solennbijoux.com\/ko\/wp-json\/wp\/v2\/product_brand?post=388"},{"taxonomy":"product_cat","embeddable":true,"href":"https:\/\/solennbijoux.com\/ko\/wp-json\/wp\/v2\/product_cat?post=388"},{"taxonomy":"product_tag","embeddable":true,"href":"https:\/\/solennbijoux.com\/ko\/wp-json\/wp\/v2\/product_tag?post=388"}],"curies":[{"name":"wp","href":"https:\/\/api.w.org\/{rel}","templated":true}]}}