{"id":1236,"date":"2025-03-28T20:11:40","date_gmt":"2025-03-28T20:11:40","guid":{"rendered":"https:\/\/solennbijoux.com\/?post_type=product&#038;p=1236"},"modified":"2026-01-11T19:11:05","modified_gmt":"2026-01-11T18:11:05","slug":"bracelet-loane","status":"publish","type":"product","link":"https:\/\/solennbijoux.com\/zh\/product\/bracelet-loane\/","title":{"rendered":"Bracelet LOANE"},"content":{"rendered":"","protected":false},"excerpt":{"rendered":"<p>Le Bracelet LOANE de Solenn incarne la beaut\u00e9 pure avec ses perles pr\u00e9cieuses et son \u00e9clat dor\u00e9. Chaque pi\u00e8ce est un hommage \u00e0 l\u2019artisanat fran\u00e7ais, r\u00e9alis\u00e9e \u00e0 la main avec une pr\u00e9cision minutieuse. Ces bracelets, o\u00f9 se m\u00ealent la noblesse du gold filled 14 carats et la singularit\u00e9 des gemmes facett\u00e9es, offrent une palette de couleurs vives et de textures qui captivent et charment. Choisissez entre la douceur mystique de la <strong>Chrysoprase<\/strong>, l\u2019\u00e9clat subtil de la <strong>Pyrite<\/strong>, la passion ardente du <strong>Grenat<\/strong>, ou la s\u00e9r\u00e9nit\u00e9 de la <strong>Rhodonite<\/strong>. Portez le Bracelet LOANE et portez avec vous un morceau de la terre, raffin\u00e9 et transform\u00e9 en un accessoire de tous les jours qui ne manquera pas d\u2019attirer les regards.<\/p>","protected":false},"featured_media":1248,"comment_status":"open","ping_status":"closed","template":"","meta":[],"product_brand":[],"product_cat":[354,233,161,351],"product_tag":[231,251,201,246,230],"class_list":{"0":"post-1236","1":"product","2":"type-product","3":"status-publish","4":"has-post-thumbnail","6":"product_cat-354","7":"product_cat-bracelets","8":"product_cat-femme","9":"product_cat-soldes","10":"product_tag-chrysoprase","11":"product_tag-gold-filled","12":"product_tag-grenat","13":"product_tag-pyrite","14":"product_tag-rhodonite","16":"first","17":"instock","18":"shipping-taxable","19":"purchasable","20":"product-type-variable","21":"has-default-attributes"},"_links":{"self":[{"href":"https:\/\/solennbijoux.com\/zh\/wp-json\/wp\/v2\/product\/1236","targetHints":{"allow":["GET"]}}],"collection":[{"href":"https:\/\/solennbijoux.com\/zh\/wp-json\/wp\/v2\/product"}],"about":[{"href":"https:\/\/solennbijoux.com\/zh\/wp-json\/wp\/v2\/types\/product"}],"replies":[{"embeddable":true,"href":"https:\/\/solennbijoux.com\/zh\/wp-json\/wp\/v2\/comments?post=1236"}],"wp:featuredmedia":[{"embeddable":true,"href":"https:\/\/solennbijoux.com\/zh\/wp-json\/wp\/v2\/media\/1248"}],"wp:attachment":[{"href":"https:\/\/solennbijoux.com\/zh\/wp-json\/wp\/v2\/media?parent=1236"}],"wp:term":[{"taxonomy":"product_brand","embeddable":true,"href":"https:\/\/solennbijoux.com\/zh\/wp-json\/wp\/v2\/product_brand?post=1236"},{"taxonomy":"product_cat","embeddable":true,"href":"https:\/\/solennbijoux.com\/zh\/wp-json\/wp\/v2\/product_cat?post=1236"},{"taxonomy":"product_tag","embeddable":true,"href":"https:\/\/solennbijoux.com\/zh\/wp-json\/wp\/v2\/product_tag?post=1236"}],"curies":[{"name":"wp","href":"https:\/\/api.w.org\/{rel}","templated":true}]}}