{"id":1262,"date":"2025-03-28T21:35:52","date_gmt":"2025-03-28T21:35:52","guid":{"rendered":"https:\/\/solennbijoux.com\/?post_type=product&#038;p=1262"},"modified":"2026-01-11T19:10:52","modified_gmt":"2026-01-11T18:10:52","slug":"bracelet-diane","status":"publish","type":"product","link":"https:\/\/solennbijoux.com\/zh\/product\/bracelet-diane\/","title":{"rendered":"Bracelet DIANE"},"content":{"rendered":"","protected":false},"excerpt":{"rendered":"<p>Le Bracelet DIANE de Solenn est une c\u00e9l\u00e9bration de l\u2019\u00e9l\u00e9gance naturelle et du charme discret. Fabriqu\u00e9 \u00e0 la main en France, ce bracelet incarne la finesse et la sophistication. Avec ses <strong>perles de culture<\/strong> aux teintes douces de blanc, de bleu fonc\u00e9 et de rose, ce bijou capte l\u2019essence m\u00eame de la f\u00e9minit\u00e9 raffin\u00e9e. Les perles, soigneusement s\u00e9lectionn\u00e9es pour leur forme irr\u00e9guli\u00e8re et leur \u00e9clat unique, sont compl\u00e9t\u00e9es par de petites perles gold filled de 14 carats, offrant une r\u00e9sistance remarquable \u00e0 l\u2019eau. DIANE est plus qu\u2019un bracelet, c\u2019est un h\u00e9ritage de beaut\u00e9 \u00e0 porter au quotidien.<\/p>","protected":false},"featured_media":1267,"comment_status":"open","ping_status":"closed","template":"","meta":[],"product_brand":[],"product_cat":[354,233,161,351],"product_tag":[251,209],"class_list":{"0":"post-1262","1":"product","2":"type-product","3":"status-publish","4":"has-post-thumbnail","6":"product_cat-354","7":"product_cat-bracelets","8":"product_cat-femme","9":"product_cat-soldes","10":"product_tag-gold-filled","11":"product_tag-perles-de-culture","13":"first","14":"instock","15":"shipping-taxable","16":"purchasable","17":"product-type-variable","18":"has-default-attributes"},"_links":{"self":[{"href":"https:\/\/solennbijoux.com\/zh\/wp-json\/wp\/v2\/product\/1262","targetHints":{"allow":["GET"]}}],"collection":[{"href":"https:\/\/solennbijoux.com\/zh\/wp-json\/wp\/v2\/product"}],"about":[{"href":"https:\/\/solennbijoux.com\/zh\/wp-json\/wp\/v2\/types\/product"}],"replies":[{"embeddable":true,"href":"https:\/\/solennbijoux.com\/zh\/wp-json\/wp\/v2\/comments?post=1262"}],"wp:featuredmedia":[{"embeddable":true,"href":"https:\/\/solennbijoux.com\/zh\/wp-json\/wp\/v2\/media\/1267"}],"wp:attachment":[{"href":"https:\/\/solennbijoux.com\/zh\/wp-json\/wp\/v2\/media?parent=1262"}],"wp:term":[{"taxonomy":"product_brand","embeddable":true,"href":"https:\/\/solennbijoux.com\/zh\/wp-json\/wp\/v2\/product_brand?post=1262"},{"taxonomy":"product_cat","embeddable":true,"href":"https:\/\/solennbijoux.com\/zh\/wp-json\/wp\/v2\/product_cat?post=1262"},{"taxonomy":"product_tag","embeddable":true,"href":"https:\/\/solennbijoux.com\/zh\/wp-json\/wp\/v2\/product_tag?post=1262"}],"curies":[{"name":"wp","href":"https:\/\/api.w.org\/{rel}","templated":true}]}}