{"id":1318,"date":"2025-03-29T21:49:32","date_gmt":"2025-03-29T21:49:32","guid":{"rendered":"https:\/\/solennbijoux.com\/?post_type=product&#038;p=1318"},"modified":"2025-09-02T23:12:06","modified_gmt":"2025-09-02T21:12:06","slug":"bracelet-bro","status":"publish","type":"product","link":"https:\/\/solennbijoux.com\/zh\/product\/bracelet-bro\/","title":{"rendered":"Bracelet BRO"},"content":{"rendered":"","protected":false},"excerpt":{"rendered":"<p><strong>Robustesse et style raffin\u00e9<\/strong> : Le Bracelet BRO est con\u00e7u pour l\u2019homme moderne qui appr\u00e9cie la finesse sans compromettre la solidit\u00e9. Fait \u00e0 la main en France, ce bracelet allie l\u2019\u00e9l\u00e9gance de l\u2019argent 925 \u00e0 la robustesse des pierres naturelles. Disponible en versions \u0152il de Tigre, \u0152il de Taureau, Onyx, et Turquoise Africaine, chaque mod\u00e8le offre une esth\u00e9tique unique qui souligne la personnalit\u00e9 de son porteur. Le choix des pierres, r\u00e9put\u00e9es pour leur force et leur pouvoir protecteur, fait de ce bracelet un symbole de d\u00e9termination et de courage.<\/p>","protected":false},"featured_media":1330,"comment_status":"open","ping_status":"closed","template":"","meta":[],"product_brand":[],"product_cat":[253,162],"product_tag":[302,290,264,158,263,200],"class_list":{"0":"post-1318","1":"product","2":"type-product","3":"status-publish","4":"has-post-thumbnail","6":"product_cat-bracelets-homme","7":"product_cat-homme","8":"product_tag-4mm","9":"product_tag-argent-925","10":"product_tag-oeil-de-taureau","11":"product_tag-oeil-de-tigre","12":"product_tag-onyx","13":"product_tag-turquoise-africaine","15":"first","16":"instock","17":"shipping-taxable","18":"purchasable","19":"product-type-variable","20":"has-default-attributes"},"_links":{"self":[{"href":"https:\/\/solennbijoux.com\/zh\/wp-json\/wp\/v2\/product\/1318","targetHints":{"allow":["GET"]}}],"collection":[{"href":"https:\/\/solennbijoux.com\/zh\/wp-json\/wp\/v2\/product"}],"about":[{"href":"https:\/\/solennbijoux.com\/zh\/wp-json\/wp\/v2\/types\/product"}],"replies":[{"embeddable":true,"href":"https:\/\/solennbijoux.com\/zh\/wp-json\/wp\/v2\/comments?post=1318"}],"wp:featuredmedia":[{"embeddable":true,"href":"https:\/\/solennbijoux.com\/zh\/wp-json\/wp\/v2\/media\/1330"}],"wp:attachment":[{"href":"https:\/\/solennbijoux.com\/zh\/wp-json\/wp\/v2\/media?parent=1318"}],"wp:term":[{"taxonomy":"product_brand","embeddable":true,"href":"https:\/\/solennbijoux.com\/zh\/wp-json\/wp\/v2\/product_brand?post=1318"},{"taxonomy":"product_cat","embeddable":true,"href":"https:\/\/solennbijoux.com\/zh\/wp-json\/wp\/v2\/product_cat?post=1318"},{"taxonomy":"product_tag","embeddable":true,"href":"https:\/\/solennbijoux.com\/zh\/wp-json\/wp\/v2\/product_tag?post=1318"}],"curies":[{"name":"wp","href":"https:\/\/api.w.org\/{rel}","templated":true}]}}