{"id":1404,"date":"2025-04-01T09:59:14","date_gmt":"2025-04-01T09:59:14","guid":{"rendered":"https:\/\/solennbijoux.com\/?post_type=product&#038;p=1404"},"modified":"2026-01-11T19:09:55","modified_gmt":"2026-01-11T18:09:55","slug":"bracelet-pure","status":"publish","type":"product","link":"https:\/\/solennbijoux.com\/zh\/product\/bracelet-pure\/","title":{"rendered":"Bracelet PURE"},"content":{"rendered":"","protected":false},"excerpt":{"rendered":"<p>Le bracelet PURE est assembl\u00e9 \u00e0 la main sur un fil de nylon \u00e9lastique r\u00e9sistant. Disponible en tailles de perles de 3mm, 4mm, 6mm et 8mm, il offre une adaptabilit\u00e9 parfaite \u00e0 votre style de vie actif. Chaque variante de pierre, de l\u2019Onyx sombre \u00e0 l\u2019\u00e9clat subtil de l\u2019\u0152il de Faucon, est choisie pour sa qualit\u00e9 et sa signification, ce bracelet incarne une \u00e9l\u00e9gance masculine sans effort.<\/p>","protected":false},"featured_media":1413,"comment_status":"open","ping_status":"closed","template":"","meta":[],"product_brand":[],"product_cat":[354,253,162,320,351],"product_tag":[305,302,303,269,264,158,263,266,246],"class_list":{"0":"post-1404","1":"product","2":"type-product","3":"status-publish","4":"has-post-thumbnail","6":"product_cat-354","7":"product_cat-bracelets-homme","8":"product_cat-homme","9":"product_cat-nouvelle-collection","10":"product_cat-soldes","11":"product_tag-3mm","12":"product_tag-4mm","13":"product_tag-6mm","14":"product_tag-oeil-de-faucon","15":"product_tag-oeil-de-taureau","16":"product_tag-oeil-de-tigre","17":"product_tag-onyx","18":"product_tag-pierre-de-lave","19":"product_tag-pyrite","21":"first","22":"instock","23":"shipping-taxable","24":"purchasable","25":"product-type-variable","26":"has-default-attributes"},"_links":{"self":[{"href":"https:\/\/solennbijoux.com\/zh\/wp-json\/wp\/v2\/product\/1404","targetHints":{"allow":["GET"]}}],"collection":[{"href":"https:\/\/solennbijoux.com\/zh\/wp-json\/wp\/v2\/product"}],"about":[{"href":"https:\/\/solennbijoux.com\/zh\/wp-json\/wp\/v2\/types\/product"}],"replies":[{"embeddable":true,"href":"https:\/\/solennbijoux.com\/zh\/wp-json\/wp\/v2\/comments?post=1404"}],"wp:featuredmedia":[{"embeddable":true,"href":"https:\/\/solennbijoux.com\/zh\/wp-json\/wp\/v2\/media\/1413"}],"wp:attachment":[{"href":"https:\/\/solennbijoux.com\/zh\/wp-json\/wp\/v2\/media?parent=1404"}],"wp:term":[{"taxonomy":"product_brand","embeddable":true,"href":"https:\/\/solennbijoux.com\/zh\/wp-json\/wp\/v2\/product_brand?post=1404"},{"taxonomy":"product_cat","embeddable":true,"href":"https:\/\/solennbijoux.com\/zh\/wp-json\/wp\/v2\/product_cat?post=1404"},{"taxonomy":"product_tag","embeddable":true,"href":"https:\/\/solennbijoux.com\/zh\/wp-json\/wp\/v2\/product_tag?post=1404"}],"curies":[{"name":"wp","href":"https:\/\/api.w.org\/{rel}","templated":true}]}}