{"id":1496,"date":"2025-04-01T22:51:08","date_gmt":"2025-04-01T22:51:08","guid":{"rendered":"https:\/\/solennbijoux.com\/?post_type=product&#038;p=1496"},"modified":"2026-04-29T21:38:44","modified_gmt":"2026-04-29T19:38:44","slug":"bracelet-meteora","status":"publish","type":"product","link":"https:\/\/solennbijoux.com\/zh\/product\/bracelet-meteora\/","title":{"rendered":"Bracelet METEORA"},"content":{"rendered":"","protected":false},"excerpt":{"rendered":"<p>Chaque bracelet METEORA est une fusion de raret\u00e9 et d\u2019\u00e9l\u00e9gance, con\u00e7u \u00e0 la main pour offrir un style in\u00e9gal\u00e9 et une qualit\u00e9 durable. La combinaison des perles d\u2019Onyx Matte noires profondes avec la perle de M\u00e9t\u00e9orite de fer naturelle Gibeon cr\u00e9e un contraste visuel saisissant et une allure myst\u00e9rieuse. Une cr\u00e9ation en \u00e9dition limit\u00e9e, destin\u00e9e \u00e0 marquer les esprits.<\/p>","protected":false},"featured_media":1502,"comment_status":"open","ping_status":"closed","template":"","meta":[],"product_brand":[],"product_cat":[353,253,162,351],"product_tag":[302,303,304,288,263],"class_list":{"0":"post-1496","1":"product","2":"type-product","3":"status-publish","4":"has-post-thumbnail","6":"product_cat-353","7":"product_cat-bracelets-homme","8":"product_cat-homme","9":"product_cat-soldes","10":"product_tag-4mm","11":"product_tag-6mm","12":"product_tag-8mm","13":"product_tag-meteorite-de-fer","14":"product_tag-onyx","16":"first","17":"instock","18":"shipping-taxable","19":"purchasable","20":"product-type-variable","21":"has-default-attributes"},"_links":{"self":[{"href":"https:\/\/solennbijoux.com\/zh\/wp-json\/wp\/v2\/product\/1496","targetHints":{"allow":["GET"]}}],"collection":[{"href":"https:\/\/solennbijoux.com\/zh\/wp-json\/wp\/v2\/product"}],"about":[{"href":"https:\/\/solennbijoux.com\/zh\/wp-json\/wp\/v2\/types\/product"}],"replies":[{"embeddable":true,"href":"https:\/\/solennbijoux.com\/zh\/wp-json\/wp\/v2\/comments?post=1496"}],"wp:featuredmedia":[{"embeddable":true,"href":"https:\/\/solennbijoux.com\/zh\/wp-json\/wp\/v2\/media\/1502"}],"wp:attachment":[{"href":"https:\/\/solennbijoux.com\/zh\/wp-json\/wp\/v2\/media?parent=1496"}],"wp:term":[{"taxonomy":"product_brand","embeddable":true,"href":"https:\/\/solennbijoux.com\/zh\/wp-json\/wp\/v2\/product_brand?post=1496"},{"taxonomy":"product_cat","embeddable":true,"href":"https:\/\/solennbijoux.com\/zh\/wp-json\/wp\/v2\/product_cat?post=1496"},{"taxonomy":"product_tag","embeddable":true,"href":"https:\/\/solennbijoux.com\/zh\/wp-json\/wp\/v2\/product_tag?post=1496"}],"curies":[{"name":"wp","href":"https:\/\/api.w.org\/{rel}","templated":true}]}}